{"id":2,"date":"2024-11-23T08:22:56","date_gmt":"2024-11-23T08:22:56","guid":{"rendered":"https:\/\/ww3.metalifepilates.it\/?page_id=2"},"modified":"2024-11-24T16:16:46","modified_gmt":"2024-11-24T16:16:46","slug":"sample-page","status":"publish","type":"page","link":"https:\/\/ww3.metalifepilates.it\/","title":{"rendered":"Home Page"},"content":{"rendered":"<p>[et_pb_section bb_built=&#8221;1&#8243; fullwidth=&#8221;on&#8221; _builder_version=&#8221;4.21.0&#8243; _module_preset=&#8221;default&#8221; global_colors_info=&#8221;{}&#8221; theme_builder_area=&#8221;post_content&#8221; next_background_color=&#8221;gcid-0ee3c519-1cc1-4700-a862-538e990d2c2c&#8221;][et_pb_fullwidth_code _builder_version=&#8221;4.27.3&#8243; _module_preset=&#8221;default&#8221; module_alignment=&#8221;center&#8221; global_colors_info=&#8221;{}&#8221; theme_builder_area=&#8221;post_content&#8221; background_pattern_color=&#8221;rgba(0,0,0,0.2)&#8221; background_mask_color=&#8221;#ffffff&#8221; box_shadow_horizontal_tablet=&#8221;0px&#8221; box_shadow_vertical_tablet=&#8221;0px&#8221; box_shadow_blur_tablet=&#8221;40px&#8221; box_shadow_spread_tablet=&#8221;0px&#8221; vertical_offset_tablet=&#8221;0&#8243; horizontal_offset_tablet=&#8221;0&#8243;]<div id=\"metaslider-id-33\" style=\"width: 100%; margin: 0 auto;\" class=\"ml-slider-3-93-0 metaslider metaslider-flex metaslider-33 ml-slider ms-theme-highway nav-hidden\" role=\"region\" aria-roledescription=\"Slideshow\" aria-label=\"Slider Home\">\n    <div id=\"metaslider_container_33\">\n        <div id=\"metaslider_33\">\n            <ul class='slides'>\n                <li style=\"display: block; width: 100%;\" class=\"slide-38 ms-image \" aria-roledescription=\"slide\" aria-label=\"slide-38\"><img decoding=\"async\" src=\"https:\/\/ww3.metalifepilates.it\/wp-content\/uploads\/2024\/11\/1.jpg\" width=\"1250\" alt=\"\" class=\"slider-33 slide-38\" title=\"1\" \/><\/li>\n                <li style=\"display: none; width: 100%;\" class=\"slide-39 ms-image \" aria-roledescription=\"slide\" aria-label=\"slide-39\"><a href=\"https:\/\/www.metalifepilates.it\/contatti\/\" target=\"_self\" class=\"metaslider_image_link\"><img decoding=\"async\" src=\"https:\/\/ww3.metalifepilates.it\/wp-content\/uploads\/2024\/11\/SLIDE-HOME-1-1-scaled-1250x436-1.jpg\" width=\"1250\" alt=\"\" class=\"slider-33 slide-39\" title=\"SLIDE-HOME-1-1-scaled-1250x436\" \/><\/a><div class=\"caption-wrap\"><div class=\"caption\"><div>MetaLife Italia Pilates<\/div><\/div><\/div><\/li>\n                <li style=\"display: none; width: 100%;\" class=\"slide-40 ms-image \" aria-roledescription=\"slide\" aria-label=\"slide-40\"><a href=\"https:\/\/www.metalifepilates.it\/contatti\/\" target=\"_self\" class=\"metaslider_image_link\"><img decoding=\"async\" src=\"https:\/\/ww3.metalifepilates.it\/wp-content\/uploads\/2024\/11\/SLIDE-HOME-2-1-scaled-1250x436-1.jpg\" width=\"1250\" alt=\"\" class=\"slider-33 slide-40\" title=\"SLIDE-HOME-2-1-scaled-1250x436\" \/><\/a><div class=\"caption-wrap\"><div class=\"caption\"><div><em>Il tuo Partner per il mondo del Pilates<\/em><\/div><\/div><\/div><\/li>\n            <\/ul>\n        <\/div>\n        \n    <\/div>\n<\/div>[\/et_pb_fullwidth_code][\/et_pb_section][et_pb_section bb_built=&#8221;1&#8243; _builder_version=&#8221;4.21.0&#8243; _module_preset=&#8221;default&#8221; background_color=&#8221;gcid-0ee3c519-1cc1-4700-a862-538e990d2c2c&#8221; custom_padding=&#8221;0px||0px|||&#8221; global_colors_info=&#8221;{%22gcid-0ee3c519-1cc1-4700-a862-538e990d2c2c%22:%91%22background_color%22%93}&#8221; theme_builder_area=&#8221;post_content&#8221; prev_background_color=&#8221;#ffffff&#8221; next_background_color=&#8221;#ffffff&#8221;][et_pb_row column_structure=&#8221;3_4,1_4&#8243; _builder_version=&#8221;4.21.0&#8243; _module_preset=&#8221;default&#8221; global_colors_info=&#8221;{}&#8221; theme_builder_area=&#8221;post_content&#8221;][et_pb_column type=&#8221;3_4&#8243; _builder_version=&#8221;4.21.0&#8243; _module_preset=&#8221;default&#8221; global_colors_info=&#8221;{}&#8221; theme_builder_area=&#8221;post_content&#8221;][et_pb_text _builder_version=&#8221;4.21.0&#8243; _module_preset=&#8221;default&#8221; text_font=&#8221;Open Sans||||||||&#8221; text_text_color=&#8221;#FFFFFF&#8221; header_font=&#8221;Open Sans||||||||&#8221; header_text_color=&#8221;#FFFFFF&#8221; header_2_text_color=&#8221;#FFFFFF&#8221; global_colors_info=&#8221;{}&#8221; theme_builder_area=&#8221;post_content&#8221;]<\/p>\n<h2 style=\"text-align: center;\">MetaLife Pilates Italia<\/h2>\n<p style=\"text-align: center;\">Il tuo partner ideale per entrare nel mondo del pilates.<br \/>MetaLife \u00e8 uno dei produttori pi\u00f9 rinomati nel mondo delle attrezzature Pilates, conosciuto per il suo impegno costante verso l&#8217;innovazione e la qualit\u00e0. Con un focus su sicurezza, versatilit\u00e0\u00a0 e comfort, MetaLife \u00e8 il marchio pi\u00f9 raccomandato dai professionisti del settore.<\/p>\n<p>[\/et_pb_text][\/et_pb_column][et_pb_column type=&#8221;1_4&#8243; _builder_version=&#8221;4.21.0&#8243; _module_preset=&#8221;default&#8221; global_colors_info=&#8221;{}&#8221; theme_builder_area=&#8221;post_content&#8221;][et_pb_button button_url=&#8221;@ET-DC@eyJkeW5hbWljIjp0cnVlLCJjb250ZW50IjoicG9zdF9saW5rX3VybF9wYWdlIiwic2V0dGluZ3MiOnsicG9zdF9pZCI6IjI3In19@&#8221; button_text=&#8221;Scopri&#8221; button_alignment=&#8221;center&#8221; _builder_version=&#8221;4.21.0&#8243; _dynamic_attributes=&#8221;button_url&#8221; _module_preset=&#8221;default&#8221; background_layout=&#8221;dark&#8221; custom_margin=&#8221;||||false|false&#8221; custom_padding=&#8221;||||false|false&#8221; box_shadow_style=&#8221;preset3&#8243; global_colors_info=&#8221;{}&#8221; theme_builder_area=&#8221;post_content&#8221;]<\/p>\n<p><\/p>\n<p>[\/et_pb_button][\/et_pb_column][\/et_pb_row][\/et_pb_section][et_pb_section bb_built=&#8221;1&#8243; admin_label=&#8221;section&#8221; _builder_version=&#8221;4.21.0&#8243; custom_padding=&#8221;0px||0px|||&#8221; global_colors_info=&#8221;{}&#8221; theme_builder_area=&#8221;post_content&#8221; prev_background_color=&#8221;gcid-0ee3c519-1cc1-4700-a862-538e990d2c2c&#8221; next_background_color=&#8221;#000000&#8243;][et_pb_row column_structure=&#8221;1_2,1_2&#8243; use_custom_gutter=&#8221;on&#8221; gutter_width=&#8221;1&#8243; make_equal=&#8221;on&#8221; _builder_version=&#8221;4.21.0&#8243; _module_preset=&#8221;default&#8221; width=&#8221;100%&#8221; max_width=&#8221;2152px&#8221; custom_margin=&#8221;0px|0px|0px|0px|false|false&#8221; custom_padding=&#8221;0px|0px|0px|0px|false|false&#8221; global_colors_info=&#8221;{}&#8221; theme_builder_area=&#8221;post_content&#8221;][et_pb_column type=&#8221;1_2&#8243; _builder_version=&#8221;4.21.0&#8243; _module_preset=&#8221;default&#8221; global_colors_info=&#8221;{}&#8221; theme_builder_area=&#8221;post_content&#8221;][et_pb_image src=&#8221;https:\/\/ww3.metalifepilates.it\/wp-content\/uploads\/2024\/11\/Linee-Metapilates_01.jpg&#8221; title_text=&#8221;Linee-Metapilates_01&#8243; url=&#8221;https:\/\/www.metalifepilates.it\/linee\/&#8221; align=&#8221;center&#8221; _builder_version=&#8221;4.21.0&#8243; _module_preset=&#8221;default&#8221; global_colors_info=&#8221;{}&#8221; theme_builder_area=&#8221;post_content&#8221;]<\/p>\n<p><\/p>\n<p>[\/et_pb_image][\/et_pb_column][et_pb_column type=&#8221;1_2&#8243; _builder_version=&#8221;4.21.0&#8243; _module_preset=&#8221;default&#8221; global_colors_info=&#8221;{}&#8221; theme_builder_area=&#8221;post_content&#8221;][et_pb_image src=&#8221;https:\/\/ww3.metalifepilates.it\/wp-content\/uploads\/2024\/11\/Linee-Metapilates_02.jpg&#8221; title_text=&#8221;Linee-Metapilates_02&#8243; url=&#8221;https:\/\/www.metalifepilates.it\/linee\/&#8221; _builder_version=&#8221;4.21.0&#8243; _module_preset=&#8221;default&#8221; global_colors_info=&#8221;{}&#8221; theme_builder_area=&#8221;post_content&#8221;]<\/p>\n<p><\/p>\n<p>[\/et_pb_image][\/et_pb_column][\/et_pb_row][\/et_pb_section][et_pb_section bb_built=&#8221;1&#8243; _builder_version=&#8221;4.21.0&#8243; _module_preset=&#8221;default&#8221; global_colors_info=&#8221;{}&#8221; theme_builder_area=&#8221;post_content&#8221; prev_background_color=&#8221;#000000&#8243; next_background_color=&#8221;gcid-0ee3c519-1cc1-4700-a862-538e990d2c2c&#8221;][et_pb_row column_structure=&#8221;1_3,2_3&#8243; _builder_version=&#8221;4.21.0&#8243; _module_preset=&#8221;default&#8221; global_colors_info=&#8221;{}&#8221; theme_builder_area=&#8221;post_content&#8221;][et_pb_column type=&#8221;1_3&#8243; _builder_version=&#8221;4.21.0&#8243; _module_preset=&#8221;default&#8221; global_colors_info=&#8221;{}&#8221; theme_builder_area=&#8221;post_content&#8221;][et_pb_image src=&#8221;https:\/\/ww3.metalifepilates.it\/wp-content\/uploads\/2024\/11\/METALIFE-PRIMA.jpg&#8221; title_text=&#8221;METALIFE-PRIMA&#8221; _builder_version=&#8221;4.21.0&#8243; _module_preset=&#8221;default&#8221; global_colors_info=&#8221;{}&#8221; theme_builder_area=&#8221;post_content&#8221;]<\/p>\n<p><\/p>\n<p>[\/et_pb_image][\/et_pb_column][et_pb_column type=&#8221;2_3&#8243; _builder_version=&#8221;4.21.0&#8243; _module_preset=&#8221;default&#8221; global_colors_info=&#8221;{}&#8221; theme_builder_area=&#8221;post_content&#8221;][et_pb_text _builder_version=&#8221;4.21.0&#8243; _module_preset=&#8221;default&#8221; custom_padding=&#8221;4px|||||&#8221; global_colors_info=&#8221;{}&#8221; theme_builder_area=&#8221;post_content&#8221;]<\/p>\n<h2><span style=\"font-weight: 400; color: #009da5;\">Smart Fitness Italia &#8211; Rivenditore Ufficiale<\/span><\/h2>\n<p>Smart Fitness Italia, rivenditore ufficiale dei prodotti MetaLife, \u00e8 il partner ideale per chi desidera creare uno <strong>studio Pilates professionale<\/strong> e moderno. Grazie alla nostra lunga esperienza tecnica nella progettazione e riqualificazione di spazi dedicati all&#8217;<strong>allenamento funzionale<\/strong> e in sospensione, offriamo soluzioni innovative e su misura per il mondo del Pilates.<\/p>\n<p>Oggi mettiamo a disposizione questa competenza, con un&#8217;offerta completa di <strong>attrezzature MetaLife di alta qualit\u00e0<\/strong>. Il nostro obiettivo \u00e8 supportare i professionisti del settore nel creare ambienti di allenamento funzionali, accoglienti e performanti.<\/p>\n<p>[\/et_pb_text][\/et_pb_column][\/et_pb_row][et_pb_row column_structure=&#8221;1_3,2_3&#8243; _builder_version=&#8221;4.21.0&#8243; _module_preset=&#8221;default&#8221; global_colors_info=&#8221;{}&#8221; theme_builder_area=&#8221;post_content&#8221;][et_pb_column type=&#8221;1_3&#8243; _builder_version=&#8221;4.21.0&#8243; _module_preset=&#8221;default&#8221; global_colors_info=&#8221;{}&#8221; theme_builder_area=&#8221;post_content&#8221;][et_pb_image src=&#8221;https:\/\/ww3.metalifepilates.it\/wp-content\/uploads\/2024\/11\/IMG_1058-scaled-1.jpg&#8221; title_text=&#8221;Attrezzatura Pilates&#8221; _builder_version=&#8221;4.21.0&#8243; _module_preset=&#8221;default&#8221; global_colors_info=&#8221;{}&#8221; theme_builder_area=&#8221;post_content&#8221;]<\/p>\n<p><\/p>\n<p>[\/et_pb_image][\/et_pb_column][et_pb_column type=&#8221;2_3&#8243; _builder_version=&#8221;4.21.0&#8243; _module_preset=&#8221;default&#8221; global_colors_info=&#8221;{}&#8221; theme_builder_area=&#8221;post_content&#8221;][et_pb_text _builder_version=&#8221;4.21.0&#8243; _module_preset=&#8221;default&#8221; global_colors_info=&#8221;{}&#8221; theme_builder_area=&#8221;post_content&#8221;]<\/p>\n<h2><span style=\"font-weight: 400; color: #009da5;\">Attrezzature Pilates modulabili per ogni esigenza<\/span><\/h2>\n<p>Grazie alla modularit\u00e0 e alla flessibilit\u00e0 delle attrezzature <strong>MetaLife<\/strong>, leader mondiale nella produzione di macchinari per il Pilates come <strong>Reformer<\/strong>, <strong>Cadillac<\/strong>, <strong>Step Chair<\/strong> e <strong>Ladder Barrel<\/strong>, \u00e8 possibile trasformare qualsiasi ambiente in uno studio Pilates perfettamente funzionale.<\/p>\n<p>Indipendentemente dalle dimensioni, dalla forma o dall&#8217;altezza del soffitto, le soluzioni MetaLife si adattano facilmente a ogni spazio, garantendo massima efficienza e versatilit\u00e0. Inoltre, i macchinari sono progettati per essere regolabili.\u00a0<\/p>\n<p>Offri un\u2019esperienza di allenamento superiore, adatta a ogni corporatura e livello di abilit\u00e0.<\/p>\n<p>[\/et_pb_text][\/et_pb_column][\/et_pb_row][et_pb_row column_structure=&#8221;1_3,2_3&#8243; _builder_version=&#8221;4.21.0&#8243; _module_preset=&#8221;default&#8221; global_colors_info=&#8221;{}&#8221; theme_builder_area=&#8221;post_content&#8221;][et_pb_column type=&#8221;1_3&#8243; _builder_version=&#8221;4.21.0&#8243; _module_preset=&#8221;default&#8221; global_colors_info=&#8221;{}&#8221; theme_builder_area=&#8221;post_content&#8221;][et_pb_image src=&#8221;https:\/\/ww3.metalifepilates.it\/wp-content\/uploads\/2024\/11\/METALIFE-PRIMADOPO.jpg&#8221; title_text=&#8221;METALIFE-PRIMADOPO&#8221; _builder_version=&#8221;4.21.0&#8243; _module_preset=&#8221;default&#8221; global_colors_info=&#8221;{}&#8221; theme_builder_area=&#8221;post_content&#8221;]<\/p>\n<p><\/p>\n<p>[\/et_pb_image][\/et_pb_column][et_pb_column type=&#8221;2_3&#8243; _builder_version=&#8221;4.21.0&#8243; _module_preset=&#8221;default&#8221; global_colors_info=&#8221;{}&#8221; theme_builder_area=&#8221;post_content&#8221;][et_pb_text _builder_version=&#8221;4.21.0&#8243; _module_preset=&#8221;default&#8221; global_colors_info=&#8221;{}&#8221; theme_builder_area=&#8221;post_content&#8221;]<\/p>\n<h2><span style=\"font-weight: 400; color: #009da5;\">Soluzioni Personalizzate per nuovi s<\/span><span style=\"font-weight: 400; color: #009da5;\">pazi per il Pilates<\/span><\/h2>\n<p>Adattarsi rapidamente alle nuove tendenze e richieste del mercato \u00e8 fondamentale per ogni attivit\u00e0 commerciale. Per questo, offriamo <strong>soluzioni chiavi in mano<\/strong> per trasformare qualsiasi spazio in un ambiente perfetto per il Pilates.<\/p>\n<p>Grazie alla nostra esperienza, siamo in grado di fornire un servizio completo; Che si tratti di ampliare un&#8217;attivit\u00e0 gi\u00e0 esistente o di entrare per la prima volta nel mondo del Pilates, le nostre soluzioni garantiscono efficienza e qualit\u00e0, adattandosi a ogni esigenza e dimensione degli spazi disponibili.<\/p>\n<p>[\/et_pb_text][\/et_pb_column][\/et_pb_row][\/et_pb_section][et_pb_section bb_built=&#8221;1&#8243; _builder_version=&#8221;4.21.0&#8243; _module_preset=&#8221;default&#8221; background_color=&#8221;gcid-0ee3c519-1cc1-4700-a862-538e990d2c2c&#8221; module_alignment=&#8221;center&#8221; min_height=&#8221;20px&#8221; height=&#8221;20px&#8221; max_height=&#8221;20px&#8221; custom_padding=&#8221;0px|0px|0px|0px|false|false&#8221; global_colors_info=&#8221;{%22gcid-0ee3c519-1cc1-4700-a862-538e990d2c2c%22:%91%22background_color%22%93}&#8221; theme_builder_area=&#8221;post_content&#8221; prev_background_color=&#8221;#ffffff&#8221; next_background_color=&#8221;#000000&#8243;][\/et_pb_section][et_pb_section bb_built=&#8221;1&#8243; _builder_version=&#8221;4.21.0&#8243; _module_preset=&#8221;default&#8221; background_color=&#8221;gcid-0ee3c519-1cc1-4700-a862-538e990d2c2c&#8221; module_alignment=&#8221;center&#8221; min_height=&#8221;20px&#8221; height=&#8221;20px&#8221; max_height=&#8221;20px&#8221; custom_padding=&#8221;0px|0px|0px|0px|false|false&#8221; global_colors_info=&#8221;{%22gcid-0ee3c519-1cc1-4700-a862-538e990d2c2c%22:%91%22background_color%22%93}&#8221; theme_builder_area=&#8221;post_content&#8221; prev_background_color=&#8221;#000000&#8243; next_background_color=&#8221;#ffffff&#8221;][\/et_pb_section][et_pb_section bb_built=&#8221;1&#8243; _builder_version=&#8221;4.21.0&#8243; _module_preset=&#8221;default&#8221; custom_padding=&#8221;0px|||||&#8221; global_colors_info=&#8221;{}&#8221; theme_builder_area=&#8221;post_content&#8221; prev_background_color=&#8221;gcid-0ee3c519-1cc1-4700-a862-538e990d2c2c&#8221;][et_pb_row column_structure=&#8221;2_3,1_3&#8243; _builder_version=&#8221;4.21.0&#8243; _module_preset=&#8221;default&#8221; global_colors_info=&#8221;{}&#8221; theme_builder_area=&#8221;post_content&#8221;][et_pb_column type=&#8221;2_3&#8243; _builder_version=&#8221;4.21.0&#8243; _module_preset=&#8221;default&#8221; global_colors_info=&#8221;{}&#8221; theme_builder_area=&#8221;post_content&#8221;][et_pb_text _builder_version=&#8221;4.21.0&#8243; _module_preset=&#8221;default&#8221; custom_padding=&#8221;||5px|||&#8221; global_colors_info=&#8221;{}&#8221; theme_builder_area=&#8221;post_content&#8221;]<\/p>\n<h2><span style=\"color: #009da5;\">Soluzioni Metalife Studio Pilates:<\/span><\/h2>\n<p>&nbsp;<\/p>\n<p><span style=\"font-weight: 400;\">Le nostre soluzioni tengono presente <\/span><span style=\"font-weight: 400;\">problematiche logistiche :<\/span><\/p>\n<p><span style=\"font-weight: 400;\">la dimensione dello spazio,la disposizione dello spazio, l\u2019altezza del soffitto, l\u2019illuminazione, l\u2019aria condizionata, il riscaldamento\u2026<\/span><\/p>\n<p><span style=\"font-weight: 400;\"><strong>Budget:<\/strong> le linee infinity e w23 vengono incontro a qualsiasi esigenza e disponibilit\u00e0<\/span><\/p>\n<p><span style=\"font-weight: 400;\"><strong>Formazione:<\/strong> contenuti modulari, per tutti dal professionista al utente finale.<\/span><\/p>\n<p>[\/et_pb_text][\/et_pb_column][et_pb_column type=&#8221;1_3&#8243; _builder_version=&#8221;4.21.0&#8243; _module_preset=&#8221;default&#8221; global_colors_info=&#8221;{}&#8221; theme_builder_area=&#8221;post_content&#8221;][et_pb_text _builder_version=&#8221;4.21.0&#8243; _module_preset=&#8221;default&#8221; text_font=&#8221;Open Sans||||||||&#8221; header_font=&#8221;Open Sans||||||||&#8221; global_colors_info=&#8221;{}&#8221; theme_builder_area=&#8221;post_content&#8221;]<\/p>\n<p><span style=\"color: #009da5;\"><strong>Abbiamo studiato delle soluzioni ad hoc per ogni situazione:<\/p>\n<p><\/strong><\/span><span style=\"font-weight: 400;\"><\/span><span style=\"font-weight: 400;\"><\/span><\/p>\n<ul>\n<li style=\"font-weight: 400;\" aria-level=\"1\"><a href=\"https:\/\/www.metalifepilates.it\/conversione-palestra-pilates\/\"><span style=\"font-weight: 400;\">Palestre<\/span><\/a><\/li>\n<li style=\"font-weight: 400;\" aria-level=\"1\"><a href=\"https:\/\/www.metalifepilates.it\/conversione-spazio-commerciale\/\"><span style=\"font-weight: 400;\">Spazi commerciali<\/span><\/a><\/li>\n<li style=\"font-weight: 400;\" aria-level=\"1\"><a href=\"https:\/\/www.metalifepilates.it\/conversione-strutture-rettive-hotel-alberghi\/\"><span style=\"font-weight: 400;\">Hotel<\/span><\/a><\/li>\n<li style=\"font-weight: 400;\" aria-level=\"1\"><a href=\"https:\/\/www.metalifepilates.it\/conversione-club-privati\/\"><span style=\"font-weight: 400;\">Club privati<\/span><\/a><\/li>\n<li style=\"font-weight: 400;\" aria-level=\"1\"><a href=\"https:\/\/www.metalifepilates.it\/conversione-centri-benessere\/\"><span style=\"font-weight: 400;\">Centri benessere<\/span><\/a><\/li>\n<li style=\"font-weight: 400;\" aria-level=\"1\"><a href=\"https:\/\/www.metalifepilates.it\/conversione-abitazione-privata\/\"><span style=\"font-weight: 400;\">Abitazioni private<\/span><\/a><\/li>\n<\/ul>\n<p>[\/et_pb_text][\/et_pb_column][\/et_pb_row][et_pb_row column_structure=&#8221;1_2,1_2&#8243; _builder_version=&#8221;4.21.0&#8243; _module_preset=&#8221;default&#8221; global_colors_info=&#8221;{}&#8221; theme_builder_area=&#8221;post_content&#8221;][et_pb_column type=&#8221;1_2&#8243; _builder_version=&#8221;4.21.0&#8243; _module_preset=&#8221;default&#8221; global_colors_info=&#8221;{}&#8221; theme_builder_area=&#8221;post_content&#8221;][et_pb_image src=&#8221;https:\/\/ww3.metalifepilates.it\/wp-content\/uploads\/2024\/11\/METALIFE-PRIMA-1.jpg&#8221; title_text=&#8221;METALIFE-PRIMA&#8221; _builder_version=&#8221;4.21.0&#8243; _module_preset=&#8221;default&#8221; box_shadow_style=&#8221;preset2&#8243; global_colors_info=&#8221;{}&#8221; theme_builder_area=&#8221;post_content&#8221;]<\/p>\n<p><\/p>\n<p>[\/et_pb_image][\/et_pb_column][et_pb_column type=&#8221;1_2&#8243; _builder_version=&#8221;4.21.0&#8243; _module_preset=&#8221;default&#8221; global_colors_info=&#8221;{}&#8221; theme_builder_area=&#8221;post_content&#8221;][et_pb_image src=&#8221;https:\/\/ww3.metalifepilates.it\/wp-content\/uploads\/2024\/11\/METALIFE-DOPO-1.jpg&#8221; title_text=&#8221;METALIFE-DOPO&#8221; _builder_version=&#8221;4.21.0&#8243; _module_preset=&#8221;default&#8221; box_shadow_style=&#8221;preset2&#8243; global_colors_info=&#8221;{}&#8221; theme_builder_area=&#8221;post_content&#8221;]<\/p>\n<p><\/p>\n<p>[\/et_pb_image][\/et_pb_column][\/et_pb_row][et_pb_row _builder_version=&#8221;4.21.0&#8243; _module_preset=&#8221;default&#8221; global_colors_info=&#8221;{}&#8221; theme_builder_area=&#8221;post_content&#8221;][et_pb_column type=&#8221;4_4&#8243; _builder_version=&#8221;4.21.0&#8243; _module_preset=&#8221;default&#8221; global_colors_info=&#8221;{}&#8221; theme_builder_area=&#8221;post_content&#8221;][et_pb_button button_url=&#8221;@ET-DC@eyJkeW5hbWljIjp0cnVlLCJjb250ZW50IjoicG9zdF9saW5rX3VybF9wYWdlIiwic2V0dGluZ3MiOnsicG9zdF9pZCI6IjI3In19@&#8221; button_text=&#8221;Scopri&#8221; button_alignment=&#8221;center&#8221; _builder_version=&#8221;4.21.0&#8243; _dynamic_attributes=&#8221;button_url&#8221; _module_preset=&#8221;default&#8221; custom_button=&#8221;on&#8221; button_text_size=&#8221;24px&#8221; box_shadow_style=&#8221;preset3&#8243; global_colors_info=&#8221;{}&#8221; theme_builder_area=&#8221;post_content&#8221;]<\/p>\n<p><\/p>\n<p>[\/et_pb_button][\/et_pb_column][\/et_pb_row][\/et_pb_section]<\/p>\n","protected":false},"excerpt":{"rendered":"<p><div id=\"metaslider-id-33\" style=\"width: 100%; margin: 0 auto;\" class=\"ml-slider-3-93-0 metaslider metaslider-flex metaslider-33 ml-slider ms-theme-highway nav-hidden nav-hidden\" role=\"region\" aria-roledescription=\"Slideshow\" aria-label=\"Slider Home\">\n    <div id=\"metaslider_container_33\">\n        <div id=\"metaslider_33\">\n            <ul class='slides'>\n                <li style=\"display: block; width: 100%;\" class=\"slide-38 ms-image \" aria-roledescription=\"slide\" aria-label=\"slide-38\"><img decoding=\"async\" src=\"https:\/\/ww3.metalifepilates.it\/wp-content\/uploads\/2024\/11\/1.jpg\" width=\"1250\" alt=\"\" class=\"slider-33 slide-38\" title=\"1\" \/><\/li>\n                <li style=\"display: none; width: 100%;\" class=\"slide-39 ms-image \" aria-roledescription=\"slide\" aria-label=\"slide-39\"><a href=\"https:\/\/www.metalifepilates.it\/contatti\/\" target=\"_self\" class=\"metaslider_image_link\"><img decoding=\"async\" src=\"https:\/\/ww3.metalifepilates.it\/wp-content\/uploads\/2024\/11\/SLIDE-HOME-1-1-scaled-1250x436-1.jpg\" width=\"1250\" alt=\"\" class=\"slider-33 slide-39\" title=\"SLIDE-HOME-1-1-scaled-1250x436\" \/><\/a><div class=\"caption-wrap\"><div class=\"caption\"><div>MetaLife Italia Pilates<\/div><\/div><\/div><\/li>\n                <li style=\"display: none; width: 100%;\" class=\"slide-40 ms-image \" aria-roledescription=\"slide\" aria-label=\"slide-40\"><a href=\"https:\/\/www.metalifepilates.it\/contatti\/\" target=\"_self\" class=\"metaslider_image_link\"><img decoding=\"async\" src=\"https:\/\/ww3.metalifepilates.it\/wp-content\/uploads\/2024\/11\/SLIDE-HOME-2-1-scaled-1250x436-1.jpg\" width=\"1250\" alt=\"\" class=\"slider-33 slide-40\" title=\"SLIDE-HOME-2-1-scaled-1250x436\" \/><\/a><div class=\"caption-wrap\"><div class=\"caption\"><div><em>Il tuo Partner per il mondo del Pilates<\/em><\/div><\/div><\/div><\/li>\n            <\/ul>\n        <\/div>\n        \n    <\/div>\n<\/div> MetaLife Pilates Italia Il tuo partner ideale per entrare nel mondo del pilates.MetaLife \u00e8 uno dei produttori pi\u00f9 rinomati nel mondo delle attrezzature Pilates, conosciuto per il suo impegno costante verso l&#8217;innovazione e la qualit\u00e0. Con un focus su sicurezza, versatilit\u00e0\u00a0 e comfort, MetaLife \u00e8 il marchio pi\u00f9 raccomandato dai professionisti del settore. [&hellip;]<\/p>\n","protected":false},"author":1,"featured_media":0,"parent":0,"menu_order":0,"comment_status":"closed","ping_status":"open","template":"","meta":{"_et_pb_use_builder":"on","_et_pb_old_content":"<!-- wp:paragraph -->\r\n<p>This is an example page. It's different from a blog post because it will stay in one place and will show up in your site navigation (in most themes). Most people start with an About page that introduces them to potential site visitors. It might say something like this:<\/p>\r\n<!-- \/wp:paragraph -->\r\n\r\n<!-- wp:quote -->\r\n<blockquote class=\"wp-block-quote\"><!-- wp:paragraph -->\r\n<p>Hi there! I'm a bike messenger by day, aspiring actor by night, and this is my website. I live in Los Angeles, have a great dog named Jack, and I like pi\u00f1a coladas. (And gettin' caught in the rain.)<\/p>\r\n<!-- \/wp:paragraph --><\/blockquote>\r\n<!-- \/wp:quote -->\r\n\r\n<!-- wp:paragraph -->\r\n<p>...or something like this:<\/p>\r\n<!-- \/wp:paragraph -->\r\n\r\n<!-- wp:quote -->\r\n<blockquote class=\"wp-block-quote\"><!-- wp:paragraph -->\r\n<p>The XYZ Doohickey Company was founded in 1971, and has been providing quality doohickeys to the public ever since. Located in Gotham City, XYZ employs over 2,000 people and does all kinds of awesome things for the Gotham community.<\/p>\r\n<!-- \/wp:paragraph --><\/blockquote>\r\n<!-- \/wp:quote -->\r\n\r\n<!-- wp:paragraph -->\r\n<p>As a new WordPress user, you should go to <a href=\"https:\/\/ww3.metalifepilates.it\/wp-admin\/\">your dashboard<\/a> to delete this page and create new pages for your content. Have fun!<\/p>\r\n<!-- \/wp:paragraph -->","_et_gb_content_width":"","footnotes":""},"class_list":["post-2","page","type-page","status-publish","hentry"],"_links":{"self":[{"href":"https:\/\/ww3.metalifepilates.it\/index.php\/wp-json\/wp\/v2\/pages\/2","targetHints":{"allow":["GET"]}}],"collection":[{"href":"https:\/\/ww3.metalifepilates.it\/index.php\/wp-json\/wp\/v2\/pages"}],"about":[{"href":"https:\/\/ww3.metalifepilates.it\/index.php\/wp-json\/wp\/v2\/types\/page"}],"author":[{"embeddable":true,"href":"https:\/\/ww3.metalifepilates.it\/index.php\/wp-json\/wp\/v2\/users\/1"}],"replies":[{"embeddable":true,"href":"https:\/\/ww3.metalifepilates.it\/index.php\/wp-json\/wp\/v2\/comments?post=2"}],"version-history":[{"count":7,"href":"https:\/\/ww3.metalifepilates.it\/index.php\/wp-json\/wp\/v2\/pages\/2\/revisions"}],"predecessor-version":[{"id":240302,"href":"https:\/\/ww3.metalifepilates.it\/index.php\/wp-json\/wp\/v2\/pages\/2\/revisions\/240302"}],"wp:attachment":[{"href":"https:\/\/ww3.metalifepilates.it\/index.php\/wp-json\/wp\/v2\/media?parent=2"}],"curies":[{"name":"wp","href":"https:\/\/api.w.org\/{rel}","templated":true}]}}