{"id":240231,"date":"2024-11-24T15:23:04","date_gmt":"2024-11-24T15:23:04","guid":{"rendered":"https:\/\/ww3.metalifepilates.it\/?page_id=240231"},"modified":"2024-11-24T18:59:22","modified_gmt":"2024-11-24T18:59:22","slug":"infinity-step-chair","status":"publish","type":"page","link":"https:\/\/ww3.metalifepilates.it\/index.php\/infinity-step-chair\/","title":{"rendered":"Infinity Step Chair"},"content":{"rendered":"<p>[et_pb_section fb_built=&#8221;1&#8243; fullwidth=&#8221;on&#8221; disabled_on=&#8221;off|off|off&#8221; _builder_version=&#8221;4.21.0&#8243; _module_preset=&#8221;default&#8221; global_colors_info=&#8221;{}&#8221;][et_pb_fullwidth_image src=&#8221;https:\/\/ww3.metalifepilates.it\/wp-content\/uploads\/2024\/11\/infinity-banner-dek-en.webp&#8221; title_text=&#8221;infinity-banner-dek-en&#8221; _builder_version=&#8221;4.21.0&#8243; _module_preset=&#8221;default&#8221; global_colors_info=&#8221;{}&#8221;][\/et_pb_fullwidth_image][\/et_pb_section][et_pb_section fb_built=&#8221;1&#8243; _builder_version=&#8221;4.21.0&#8243; _module_preset=&#8221;default&#8221; global_colors_info=&#8221;{}&#8221;][et_pb_row _builder_version=&#8221;4.21.0&#8243; _module_preset=&#8221;default&#8221; global_colors_info=&#8221;{}&#8221;][et_pb_column type=&#8221;4_4&#8243; _builder_version=&#8221;4.21.0&#8243; _module_preset=&#8221;default&#8221; global_colors_info=&#8221;{}&#8221;][et_pb_post_title meta=&#8221;off&#8221; _builder_version=&#8221;4.21.0&#8243; _module_preset=&#8221;default&#8221; title_font=&#8221;|||on|||||&#8221; title_text_color=&#8221;#009da5&#8243; global_colors_info=&#8221;{}&#8221;][\/et_pb_post_title][et_pb_text _builder_version=&#8221;4.21.0&#8243; _module_preset=&#8221;default&#8221; global_colors_info=&#8221;{}&#8221;]<\/p>\n<p>La step chair Pilates di Metalife \u00e8 uno strumento versatile e innovativo progettato per integrare gli esercizi di Pilates con un\u2019esperienza di allenamento completa.<span>\u00a0<\/span><span>Questa funzione consente di personalizzare l\u2019allenamento in base al livello di fitness e alle esigenze individuali.<\/span><\/p>\n<p>Gli esercizi di Pilates svolti sulla step chair aiutano a migliorare la postura, l\u2019allineamento del corpo e la stabilit\u00e0 del core. Inoltre, favoriscono lo sviluppo della forza muscolare, soprattutto nelle zone addominali, dei glutei e delle gambe.<span>\u00a0<\/span><span>La step chair \u00e8 adatta a persone di tutte le et\u00e0 e livelli di fitness.<\/span><\/p>\n<p>Metalife \u00e8 nota per la qualit\u00e0 dei suoi prodotti nel campo del Pilates e dell\u2019allenamento funzionale. La step chair \u00e8 realizzata con materiali durevoli e offre una stabilit\u00e0 e una resistenza di alto livello. \u00c8 progettata per adattarsi a diversi tipi di corpo e per garantire un comfort ottimale durante l\u2019allenamento.<\/p>\n<p><span>Il telaio e la base sono realizzati in legno di Lyptus, un tipo di legno duro e resistente. L&#8217;imbottitura \u00e8 in schiuma agglomerata ad alta densit\u00e0, che offre un buon sostegno e comfort. Il rivestimento \u00e8 in courissimo, un tipo di ecopelle che \u00e8 resistente e facile da pulire. La struttura metallica \u00e8 realizzata in acciaio al carbonio e acciaio inossidabile, che sono materiali resistenti e duraturi. Le molle sono in acciaio al carbonio nichelato di classe C, che sono resistenti e offrono una buona reattivit\u00e0.<\/span><\/p>\n<p>[\/et_pb_text][\/et_pb_column][\/et_pb_row][et_pb_row column_structure=&#8221;1_2,1_2&#8243; _builder_version=&#8221;4.21.0&#8243; _module_preset=&#8221;default&#8221; global_colors_info=&#8221;{}&#8221;][et_pb_column type=&#8221;1_2&#8243; _builder_version=&#8221;4.21.0&#8243; _module_preset=&#8221;default&#8221; global_colors_info=&#8221;{}&#8221;][et_pb_text _builder_version=&#8221;4.21.0&#8243; _module_preset=&#8221;default&#8221; global_colors_info=&#8221;{}&#8221;]<\/p>\n<div class=\"et_pb_module et_pb_text et_pb_text_17 et_pb_text_align_left et_pb_bg_layout_light\">\n<div class=\"et_pb_text_inner\">\n<p>L\u2019unica STEP CHAIR sul mercato realizzata in Lyptus\u00ae FAS, il legno di altissima qualit\u00e0 con certificato di riforestazione.<br \/>Un pezzo compatto, \u00e8 ideale per il riequilibrio muscolare lavorando con tutto il corpo Molto utilizzato nella riabilitazione, \u00e8 indispensabile per gli esercizi di gambe e tronco.<\/p>\n<\/div>\n<\/div>\n<p>[\/et_pb_text][et_pb_text _builder_version=&#8221;4.21.0&#8243; _module_preset=&#8221;default&#8221; global_colors_info=&#8221;{}&#8221;]<\/p>\n<h5 class=\"et_pb_toggle_title\">MISURE<\/h5>\n<p>Altezza seduta: 0,62 m;<br \/>Altezza con maniglie laterali: 1,44 m;<br \/>Larghezza: 0,67 m;<br \/>Lunghezza: 0,88 m;<\/p>\n<p>[\/et_pb_text][et_pb_text _builder_version=&#8221;4.21.0&#8243; _module_preset=&#8221;default&#8221; global_colors_info=&#8221;{}&#8221;]<\/p>\n<h5 class=\"et_pb_toggle_title\">COMPONENTI<\/h5>\n<p>1 paio di maniglie laterali<br \/>1 paio di molle blu (very strong)<br \/>1 paio di molle rosse (strong)<\/p>\n<p>OPTIONAL:<br \/>Micro step box<br \/>Trunck Step Chair \/ Cadillac<\/p>\n<p>[\/et_pb_text][et_pb_text _builder_version=&#8221;4.21.0&#8243; _module_preset=&#8221;default&#8221; global_colors_info=&#8221;{}&#8221;]<\/p>\n<p>COMPOSIZIONE<\/p>\n<p>Telaio\/base in legno di Lyptus classe FAS (standard NHLA); Imbottitura in schiuma agglomerata ad alta densit\u00e0 (AG150); Rivestimento in courissimo (ecopelle) con 50% poliestere e 50% cotone; Struttura metallica in acciaio al carbonio e acciaio inossidabile; Molle in acciaio al carbonio nichelato di classe C<\/p>\n<p>[\/et_pb_text][\/et_pb_column][et_pb_column type=&#8221;1_2&#8243; _builder_version=&#8221;4.21.0&#8243; _module_preset=&#8221;default&#8221; global_colors_info=&#8221;{}&#8221;][et_pb_gallery gallery_ids=&#8221;240163,240164,240165,240166&#8243; fullwidth=&#8221;on&#8221; _builder_version=&#8221;4.21.0&#8243; _module_preset=&#8221;default&#8221; global_colors_info=&#8221;{}&#8221;][\/et_pb_gallery][et_pb_video_slider _builder_version=&#8221;4.21.0&#8243; _module_preset=&#8221;default&#8221; global_colors_info=&#8221;{}&#8221;][et_pb_video_slider_item admin_title=&#8221;Manuale Montaggio&#8221; src=&#8221;https:\/\/www.youtube.com\/watch?v=vN8CEQOdzAk&#8221; _builder_version=&#8221;4.21.0&#8243; _module_preset=&#8221;default&#8221; global_colors_info=&#8221;{}&#8221; show_image_overlay=&#8221;off&#8221;][\/et_pb_video_slider_item][\/et_pb_video_slider][\/et_pb_column][\/et_pb_row][\/et_pb_section][et_pb_section fb_built=&#8221;1&#8243; _builder_version=&#8221;4.21.0&#8243; _module_preset=&#8221;default&#8221; background_color=&#8221;#009da5&#8243; saved_tabs=&#8221;all&#8221; global_colors_info=&#8221;{}&#8221; global_module=&#8221;240310&#8243; theme_builder_area=&#8221;post_content&#8221;][et_pb_row column_structure=&#8221;1_5,1_5,1_5,1_5,1_5&#8243; _builder_version=&#8221;4.21.0&#8243; _module_preset=&#8221;default&#8221; global_colors_info=&#8221;{}&#8221; theme_builder_area=&#8221;post_content&#8221;][et_pb_column type=&#8221;1_5&#8243; _builder_version=&#8221;4.21.0&#8243; _module_preset=&#8221;default&#8221; global_colors_info=&#8221;{}&#8221; theme_builder_area=&#8221;post_content&#8221;][et_pb_icon font_icon=&#8221;&#xf232;||fa||400&#8243; icon_color=&#8221;#FFFFFF&#8221; url=&#8221;https:\/\/wa.me\/393478202879&#8243; _builder_version=&#8221;4.21.0&#8243; _module_preset=&#8221;default&#8221; global_colors_info=&#8221;{}&#8221; icon_color__hover_enabled=&#8221;on|hover&#8221; icon_color__hover=&#8221;#EDF000&#8243; theme_builder_area=&#8221;post_content&#8221;][\/et_pb_icon][\/et_pb_column][et_pb_column type=&#8221;1_5&#8243; _builder_version=&#8221;4.21.0&#8243; _module_preset=&#8221;default&#8221; global_colors_info=&#8221;{}&#8221; theme_builder_area=&#8221;post_content&#8221;][\/et_pb_column][et_pb_column type=&#8221;1_5&#8243; _builder_version=&#8221;4.21.0&#8243; _module_preset=&#8221;default&#8221; global_colors_info=&#8221;{}&#8221; theme_builder_area=&#8221;post_content&#8221;][et_pb_icon font_icon=&#8221;&#xf095;||fa||900&#8243; icon_color=&#8221;#FFFFFF&#8221; url=&#8221;tel:393939118420&#8243; _builder_version=&#8221;4.21.0&#8243; _module_preset=&#8221;default&#8221; global_colors_info=&#8221;{}&#8221; icon_color__hover_enabled=&#8221;on|hover&#8221; icon_color__hover=&#8221;#EDF000&#8243; theme_builder_area=&#8221;post_content&#8221;][\/et_pb_icon][\/et_pb_column][et_pb_column type=&#8221;1_5&#8243; _builder_version=&#8221;4.21.0&#8243; _module_preset=&#8221;default&#8221; global_colors_info=&#8221;{}&#8221; theme_builder_area=&#8221;post_content&#8221;][\/et_pb_column][et_pb_column type=&#8221;1_5&#8243; _builder_version=&#8221;4.21.0&#8243; _module_preset=&#8221;default&#8221; global_colors_info=&#8221;{}&#8221; theme_builder_area=&#8221;post_content&#8221;][et_pb_icon font_icon=&#8221;&#xe010;||divi||400&#8243; icon_color=&#8221;#FFFFFF&#8221; url=&#8221;mailto:info@metalifepilates.it&#8221; _builder_version=&#8221;4.21.0&#8243; _module_preset=&#8221;default&#8221; global_colors_info=&#8221;{}&#8221; icon_color__hover_enabled=&#8221;on|hover&#8221; icon_color__hover=&#8221;#EDF000&#8243; theme_builder_area=&#8221;post_content&#8221;][\/et_pb_icon][\/et_pb_column][\/et_pb_row][\/et_pb_section]<\/p>\n","protected":false},"excerpt":{"rendered":"<p>La step chair Pilates di Metalife \u00e8 uno strumento versatile e innovativo progettato per integrare gli esercizi di Pilates con un\u2019esperienza di allenamento completa.\u00a0Questa funzione consente di personalizzare l\u2019allenamento in base al livello di fitness e alle esigenze individuali. Gli esercizi di Pilates svolti sulla step chair aiutano a migliorare la postura, l\u2019allineamento del corpo [&hellip;]<\/p>\n","protected":false},"author":1,"featured_media":0,"parent":0,"menu_order":0,"comment_status":"closed","ping_status":"open","template":"","meta":{"_et_pb_use_builder":"on","_et_pb_old_content":"<!-- wp:paragraph -->\r\n<p>This is an example page. It's different from a blog post because it will stay in one place and will show up in your site navigation (in most themes). Most people start with an About page that introduces them to potential site visitors. It might say something like this:<\/p>\r\n<!-- \/wp:paragraph -->\r\n\r\n<!-- wp:quote -->\r\n<blockquote class=\"wp-block-quote\"><!-- wp:paragraph -->\r\n<p>Hi there! I'm a bike messenger by day, aspiring actor by night, and this is my website. I live in Los Angeles, have a great dog named Jack, and I like pi\u00f1a coladas. (And gettin' caught in the rain.)<\/p>\r\n<!-- \/wp:paragraph --><\/blockquote>\r\n<!-- \/wp:quote -->\r\n\r\n<!-- wp:paragraph -->\r\n<p>...or something like this:<\/p>\r\n<!-- \/wp:paragraph -->\r\n\r\n<!-- wp:quote -->\r\n<blockquote class=\"wp-block-quote\"><!-- wp:paragraph -->\r\n<p>The XYZ Doohickey Company was founded in 1971, and has been providing quality doohickeys to the public ever since. Located in Gotham City, XYZ employs over 2,000 people and does all kinds of awesome things for the Gotham community.<\/p>\r\n<!-- \/wp:paragraph --><\/blockquote>\r\n<!-- \/wp:quote -->\r\n\r\n<!-- wp:paragraph -->\r\n<p>As a new WordPress user, you should go to <a href=\"https:\/\/ww3.metalifepilates.it\/wp-admin\/\">your dashboard<\/a> to delete this page and create new pages for your content. Have fun!<\/p>\r\n<!-- \/wp:paragraph -->","_et_gb_content_width":"","footnotes":""},"class_list":["post-240231","page","type-page","status-publish","hentry"],"_links":{"self":[{"href":"https:\/\/ww3.metalifepilates.it\/index.php\/wp-json\/wp\/v2\/pages\/240231","targetHints":{"allow":["GET"]}}],"collection":[{"href":"https:\/\/ww3.metalifepilates.it\/index.php\/wp-json\/wp\/v2\/pages"}],"about":[{"href":"https:\/\/ww3.metalifepilates.it\/index.php\/wp-json\/wp\/v2\/types\/page"}],"author":[{"embeddable":true,"href":"https:\/\/ww3.metalifepilates.it\/index.php\/wp-json\/wp\/v2\/users\/1"}],"replies":[{"embeddable":true,"href":"https:\/\/ww3.metalifepilates.it\/index.php\/wp-json\/wp\/v2\/comments?post=240231"}],"version-history":[{"count":2,"href":"https:\/\/ww3.metalifepilates.it\/index.php\/wp-json\/wp\/v2\/pages\/240231\/revisions"}],"predecessor-version":[{"id":240318,"href":"https:\/\/ww3.metalifepilates.it\/index.php\/wp-json\/wp\/v2\/pages\/240231\/revisions\/240318"}],"wp:attachment":[{"href":"https:\/\/ww3.metalifepilates.it\/index.php\/wp-json\/wp\/v2\/media?parent=240231"}],"curies":[{"name":"wp","href":"https:\/\/api.w.org\/{rel}","templated":true}]}}