{"id":240235,"date":"2024-11-24T15:24:52","date_gmt":"2024-11-24T15:24:52","guid":{"rendered":"https:\/\/ww3.metalifepilates.it\/?page_id=240235"},"modified":"2024-11-24T15:24:52","modified_gmt":"2024-11-24T15:24:52","slug":"linea-w23","status":"publish","type":"page","link":"https:\/\/ww3.metalifepilates.it\/index.php\/linea-w23\/","title":{"rendered":"Linea W23"},"content":{"rendered":"<p>[et_pb_section bb_built=&#8221;1&#8243; fullwidth=&#8221;on&#8221; _builder_version=&#8221;4.21.0&#8243; _module_preset=&#8221;default&#8221; hover_enabled=&#8221;0&#8243; global_colors_info=&#8221;{}&#8221; next_background_color=&#8221;#000000&#8243;][et_pb_fullwidth_header text_orientation=&#8221;center&#8221; _builder_version=&#8221;4.21.0&#8243; _module_preset=&#8221;default&#8221; custom_padding=&#8221;0px||0px||false|false&#8221; hover_enabled=&#8221;0&#8243; global_colors_info=&#8221;{}&#8221; \/][\/et_pb_section][et_pb_section bb_built=&#8221;1&#8243; fullwidth=&#8221;on&#8221; _builder_version=&#8221;4.21.0&#8243; _module_preset=&#8221;default&#8221; background_image=&#8221;https:\/\/ww3.metalifepilates.it\/wp-content\/uploads\/2024\/11\/banner-w23.jpg&#8221; min_height=&#8221;290px&#8221; height=&#8221;290px&#8221; hover_enabled=&#8221;0&#8243; global_colors_info=&#8221;{}&#8221; prev_background_color=&#8221;#ffffff&#8221; next_background_color=&#8221;#ffffff&#8221;][\/et_pb_section][et_pb_section bb_built=&#8221;1&#8243; admin_label=&#8221;section&#8221; _builder_version=&#8221;4.21.0&#8243; custom_padding=&#8221;0px||0px|||&#8221; hover_enabled=&#8221;0&#8243; global_colors_info=&#8221;{}&#8221; prev_background_color=&#8221;#000000&#8243; next_background_color=&#8221;#000000&#8243;][et_pb_row column_structure=&#8221;1_4,1_4,1_4,1_4&#8243; use_custom_gutter=&#8221;on&#8221; gutter_width=&#8221;1&#8243; make_equal=&#8221;on&#8221; _builder_version=&#8221;4.21.0&#8243; _module_preset=&#8221;default&#8221; width=&#8221;86%&#8221; max_width=&#8221;2417px&#8221; module_alignment=&#8221;center&#8221; custom_margin=&#8221;0px|20px|0px|20px|false|false&#8221; custom_padding=&#8221;0px|0px|50px|0px|false|false&#8221; hover_enabled=&#8221;0&#8243; global_colors_info=&#8221;{}&#8221;][et_pb_column type=&#8221;1_4&#8243; _builder_version=&#8221;4.21.0&#8243; _module_preset=&#8221;default&#8221; custom_padding=&#8221;|15px||15px|false|false&#8221; hover_enabled=&#8221;0&#8243; global_colors_info=&#8221;{}&#8221;][et_pb_image src=&#8221;https:\/\/ww3.metalifepilates.it\/wp-content\/uploads\/2024\/11\/W23-Eco-Cadillac.png&#8221; title_text=&#8221;W23-Eco-Cadillac&#8221; url=&#8221;https:\/\/www.metalifepilates.it\/linee\/&#8221; align=&#8221;center&#8221; _builder_version=&#8221;4.21.0&#8243; _module_preset=&#8221;default&#8221; hover_enabled=&#8221;0&#8243; global_colors_info=&#8221;{}&#8221; \/][et_pb_text _builder_version=&#8221;4.21.0&#8243; _module_preset=&#8221;default&#8221; hover_enabled=&#8221;0&#8243; global_colors_info=&#8221;{}&#8221;]<\/p>\n<h2>W23 Cadillac<\/h2>\n<p>[\/et_pb_text][et_pb_text _builder_version=&#8221;4.21.0&#8243; _module_preset=&#8221;default&#8221; min_height=&#8221;120px&#8221; hover_enabled=&#8221;0&#8243; global_colors_info=&#8221;{}&#8221;]<\/p>\n<p style=\"text-align: justify;\">\u00c8 un&#8217;apparecchiatura che pu\u00f2 essere adattata a qualsiasi utente, dai pazienti in terapia fisica agli atleti. Con esso, puoi eseguire pi\u00f9 di 200 esercizi.<\/p>\n<p>[\/et_pb_text][et_pb_accordion _builder_version=&#8221;4.21.0&#8243; _module_preset=&#8221;default&#8221; hover_enabled=&#8221;0&#8243; global_colors_info=&#8221;{}&#8221;][et_pb_accordion_item title=&#8221;MISURE&#8221; open=&#8221;on&#8221; _builder_version=&#8221;4.21.0&#8243; _module_preset=&#8221;default&#8221; hover_enabled=&#8221;0&#8243; global_colors_info=&#8221;{}&#8221;]<\/p>\n<p style=\"text-align: left;\"><b>Altezza totale: 2,09 m;<\/b><b><br \/><\/b><b>Altezza seduta: 0,62 m;<\/b><b><br \/><\/b><b>Larghezza: 0,79 m;<\/b><b><br \/><\/b><b>Lunghezza: 2,35 m;<\/b><\/p>\n<p>[\/et_pb_accordion_item][et_pb_accordion_item title=&#8221;COMPONENTI&#8221; _builder_version=&#8221;4.21.0&#8243; _module_preset=&#8221;default&#8221; hover_enabled=&#8221;0&#8243; global_colors_info=&#8221;{}&#8221;]<\/p>\n<p><b>1 paio di molle nere;<\/b><b><br \/><\/b><b>1 paio di molle rosse;<\/b><b><br \/><\/b><b>1 paio di molle gialle;<\/b><b><br \/><\/b><b>1 paio di molle bianche;<\/b><b><br \/><\/b><b>1 paio di molle blu;<\/b><b><br \/><\/b><b>1 paio di manici fuzzy;<\/b><b><br \/><\/b><b>1 maniglia di supporto;<\/b><b><br \/><\/b><b>1 cinghia di sicurezza;<\/b><b><br \/><\/b><b>1 paio di cinghie coscia-piede;<\/b><b><br \/><\/b><b>1 paio di maniglie;<\/b><b><br \/><\/b><b>1 fascia addominale;<\/b><b><br \/><\/b><b>1 barra di scorrimento.<\/b><\/p>\n<p>[\/et_pb_accordion_item][et_pb_accordion_item title=&#8221;COMPOSIZIONE&#8221; _builder_version=&#8221;4.21.0&#8243; _module_preset=&#8221;default&#8221; hover_enabled=&#8221;0&#8243; global_colors_info=&#8221;{}&#8221;]Struttura in legno Eucalyptus Grandis da rimboschimento. Struttura in acciaio al carbonio, verniciatura elettrostatica epossidica nera microtesturizzata. Colonne scorrevoli verticali, traverse e occhielli in acciaio inox. Imbottitura in schiuma agglomerata ad alta densit\u00e0 (AG150). Fodera in pelle. Le molle realizzate in acciaio al carbonio di classe C ricevono un trattamento anticorrosivo sul metallo, tecnologia KTL, che protegge la molla 5 volte in pi\u00f9 rispetto al tradizionale trattamento al nichel. Spallacci compositi con lacci in poliestere rivestiti in neoprene e sistema di chiusura in velcro.[\/et_pb_accordion_item][\/et_pb_accordion][\/et_pb_column][et_pb_column type=&#8221;1_4&#8243; _builder_version=&#8221;4.21.0&#8243; _module_preset=&#8221;default&#8221; custom_padding=&#8221;|15px||15px|false|false&#8221; hover_enabled=&#8221;0&#8243; global_colors_info=&#8221;{}&#8221;][et_pb_image src=&#8221;https:\/\/ww3.metalifepilates.it\/wp-content\/uploads\/2024\/11\/W23-Eco-Reformer.png&#8221; title_text=&#8221;W23-Eco-Reformer&#8221; url=&#8221;https:\/\/www.metalifepilates.it\/linee\/&#8221; _builder_version=&#8221;4.21.0&#8243; _module_preset=&#8221;default&#8221; hover_enabled=&#8221;0&#8243; global_colors_info=&#8221;{}&#8221; \/][et_pb_text _builder_version=&#8221;4.21.0&#8243; _module_preset=&#8221;default&#8221; hover_enabled=&#8221;0&#8243; global_colors_info=&#8221;{}&#8221;]<\/p>\n<h2>W23 Reformer<\/h2>\n<p>[\/et_pb_text][et_pb_text _builder_version=&#8221;4.21.0&#8243; _module_preset=&#8221;default&#8221; min_height=&#8221;120px&#8221; hover_enabled=&#8221;0&#8243; global_colors_info=&#8221;{}&#8221;]<\/p>\n<p style=\"text-align: justify;\">Consente l&#8217;esecuzione di precisi esercizi di resistenza, svolgendo un preciso lavoro di allineamento del centro di forza. Pu\u00f2 essere facilmente adattato a tutti i tipi di clienti.<\/p>\n<p>[\/et_pb_text][et_pb_accordion _builder_version=&#8221;4.21.0&#8243; _module_preset=&#8221;default&#8221; hover_enabled=&#8221;0&#8243; global_colors_info=&#8221;{}&#8221;][et_pb_accordion_item title=&#8221;MISURE&#8221; open=&#8221;on&#8221; _builder_version=&#8221;4.21.0&#8243; _module_preset=&#8221;default&#8221; hover_enabled=&#8221;0&#8243; global_colors_info=&#8221;{}&#8221;]<\/p>\n<p><strong>Altezza totale: 0,62 m;<\/strong><br \/><strong>Larghezza: 0,77 m;<\/strong><br \/><strong>Lunghezza: 2,70 mt.<\/strong><\/p>\n<p>[\/et_pb_accordion_item][et_pb_accordion_item title=&#8221;COMPONENTI&#8221; _builder_version=&#8221;4.21.0&#8243; _module_preset=&#8221;default&#8221; hover_enabled=&#8221;0&#8243; global_colors_info=&#8221;{}&#8221;]<\/p>\n<p><strong>4 molle rosse;<\/strong><br \/><strong>1 molla blu;<\/strong><br \/><strong>1 paio di maniglie;<\/strong><br \/><strong>1 paio di cinghie coscia-piede;<\/strong><br \/><strong>1 fascia addominale;<\/strong><br \/><strong>1 corda da 5 m;<\/strong><br \/><strong>1 blocco barra di supporto;<\/strong><br \/><strong>4 blocchi;<\/strong><br \/><strong>4 moschettoni.<\/strong><\/p>\n<p>[\/et_pb_accordion_item][et_pb_accordion_item title=&#8221;COMPOSIZIONE&#8221; _builder_version=&#8221;4.21.0&#8243; _module_preset=&#8221;default&#8221; hover_enabled=&#8221;0&#8243; global_colors_info=&#8221;{}&#8221;]<\/p>\n<p style=\"text-align: left;\">Struttura in legno Eucalyptus Grandis da rimboschimento. Struttura in acciaio al carbonio, verniciatura elettrostatica epossidica nera microtesturizzata. Barra ausiliaria in acciaio inossidabile. Imbottitura in schiuma agglomerata ad alta densit\u00e0 (AG150). Fodera in pelle. Le molle realizzate in acciaio al carbonio di classe C ricevono un trattamento anticorrosivo sul metallo, tecnologia KTL, che protegge la molla 5 volte in pi\u00f9 rispetto al tradizionale trattamento al nichel. Spallacci compositi con lacci in poliestere rivestiti in neoprene e sistema di chiusura in velcro.<\/p>\n<p>[\/et_pb_accordion_item][\/et_pb_accordion][\/et_pb_column][et_pb_column type=&#8221;1_4&#8243; _builder_version=&#8221;4.21.0&#8243; _module_preset=&#8221;default&#8221; custom_padding=&#8221;|15px||15px|false|false&#8221; hover_enabled=&#8221;0&#8243; global_colors_info=&#8221;{}&#8221;][et_pb_image src=&#8221;https:\/\/ww3.metalifepilates.it\/wp-content\/uploads\/2024\/11\/W23-Eco-Ladder-Barrel.png&#8221; title_text=&#8221;W23-Eco-Ladder-Barrel&#8221; url=&#8221;https:\/\/www.metalifepilates.it\/linee\/&#8221; _builder_version=&#8221;4.21.0&#8243; _module_preset=&#8221;default&#8221; hover_enabled=&#8221;0&#8243; global_colors_info=&#8221;{}&#8221; \/][et_pb_text _builder_version=&#8221;4.21.0&#8243; _module_preset=&#8221;default&#8221; hover_enabled=&#8221;0&#8243; global_colors_info=&#8221;{}&#8221;]<\/p>\n<h2>W23 Ladder Barrel<\/h2>\n<p>[\/et_pb_text][et_pb_text _builder_version=&#8221;4.21.0&#8243; _module_preset=&#8221;default&#8221; min_height=&#8221;120px&#8221; hover_enabled=&#8221;0&#8243; global_colors_info=&#8221;{}&#8221;]<\/p>\n<p style=\"text-align: justify;\">Promuove esercizi per sviluppare la forza muscolare addominale, lo stretching e la flessibilit\u00e0.<\/p>\n<p>[\/et_pb_text][et_pb_accordion _builder_version=&#8221;4.21.0&#8243; _module_preset=&#8221;default&#8221; hover_enabled=&#8221;0&#8243; global_colors_info=&#8221;{}&#8221;][et_pb_accordion_item title=&#8221;MISURE&#8221; open=&#8221;on&#8221; _builder_version=&#8221;4.21.0&#8243; _module_preset=&#8221;default&#8221; hover_enabled=&#8221;0&#8243; global_colors_info=&#8221;{}&#8221;]<\/p>\n<p><b>Altezza: 0,98 m;<\/b><b><br \/><\/b><b>Larghezza: 0,70 m;<\/b><b><br \/><\/b><b>Larghezza barra sup.: 0,91 m;<\/b><b><br \/><\/b><b>Lunghezza: 1,27 mt.<\/b><\/p>\n<p>[\/et_pb_accordion_item][et_pb_accordion_item title=&#8221;COMPOSIZIONE&#8221; _builder_version=&#8221;4.21.0&#8243; _module_preset=&#8221;default&#8221; hover_enabled=&#8221;0&#8243; global_colors_info=&#8221;{}&#8221;]<\/p>\n<p>Struttura in legno Eucalyptus Grandis da rimboschimento. Imbottitura in schiuma agglomerata ad alta densit\u00e0 (AG150). Fodera in pelle.<\/p>\n<p>[\/et_pb_accordion_item][\/et_pb_accordion][\/et_pb_column][et_pb_column type=&#8221;1_4&#8243; _builder_version=&#8221;4.21.0&#8243; _module_preset=&#8221;default&#8221; custom_padding=&#8221;|15px||15px|false|false&#8221; hover_enabled=&#8221;0&#8243; global_colors_info=&#8221;{}&#8221;][et_pb_image src=&#8221;https:\/\/ww3.metalifepilates.it\/wp-content\/uploads\/2024\/11\/W23-Eco-Step-Chair.png&#8221; title_text=&#8221;W23-Eco-Step-Chair&#8221; url=&#8221;https:\/\/www.metalifepilates.it\/linee\/&#8221; _builder_version=&#8221;4.21.0&#8243; _module_preset=&#8221;default&#8221; hover_enabled=&#8221;0&#8243; global_colors_info=&#8221;{}&#8221; \/][et_pb_text _builder_version=&#8221;4.21.0&#8243; _module_preset=&#8221;default&#8221; hover_enabled=&#8221;0&#8243; global_colors_info=&#8221;{}&#8221;]<\/p>\n<h2>W23 Step Chair<\/h2>\n<p>[\/et_pb_text][et_pb_text _builder_version=&#8221;4.21.0&#8243; _module_preset=&#8221;default&#8221; min_height=&#8221;120px&#8221; hover_enabled=&#8221;0&#8243; global_colors_info=&#8221;{}&#8221;]<\/p>\n<p style=\"text-align: justify;\">Compatto, \u00e8 ideale per riequilibrare la muscolatura, lavorando tutto il corpo. Molto utilizzato in riabilitazione, \u00e8 indispensabile per gli esercizi delle gambe e del tronco.<\/p>\n<p>[\/et_pb_text][et_pb_accordion _builder_version=&#8221;4.21.0&#8243; _module_preset=&#8221;default&#8221; hover_enabled=&#8221;0&#8243; global_colors_info=&#8221;{}&#8221;][et_pb_accordion_item title=&#8221;MISURE&#8221; open=&#8221;on&#8221; _builder_version=&#8221;4.21.0&#8243; _module_preset=&#8221;default&#8221; hover_enabled=&#8221;0&#8243; global_colors_info=&#8221;{}&#8221;]<\/p>\n<p><strong>Altezza seduta: 0,62 m;<br \/>Altezza con canne: 1,44 m;<br \/>Larghezza: 0,67 m;<br \/>Lunghezza: 0,88 mt.<\/strong><\/p>\n<p>[\/et_pb_accordion_item][et_pb_accordion_item title=&#8221;COMPONENTI&#8221; _builder_version=&#8221;4.21.0&#8243; _module_preset=&#8221;default&#8221; hover_enabled=&#8221;0&#8243; global_colors_info=&#8221;{}&#8221;]<\/p>\n<p><strong>1 paio di bastoncini;<br \/>2 coppie di molle rosse.<\/strong><\/p>\n<p>[\/et_pb_accordion_item][et_pb_accordion_item title=&#8221;COMPOSIZIONE&#8221; _builder_version=&#8221;4.21.0&#8243; _module_preset=&#8221;default&#8221; hover_enabled=&#8221;0&#8243; global_colors_info=&#8221;{}&#8221;]Struttura in legno Eucalyptus Grandis da rimboschimento. Struttura in acciaio al carbonio, verniciatura elettrostatica epossidica nera microtesturizzata. Imbottitura in schiuma agglomerata ad alta densit\u00e0 (AG150). Fodera in pelle. Le molle realizzate in acciaio al carbonio di classe C ricevono un trattamento anticorrosivo sul metallo, tecnologia KTL, che protegge la molla 5 volte in pi\u00f9 rispetto al tradizionale trattamento al nichel.[\/et_pb_accordion_item][\/et_pb_accordion][\/et_pb_column][\/et_pb_row][\/et_pb_section][et_pb_section bb_built=&#8221;1&#8243; fullwidth=&#8221;on&#8221; _builder_version=&#8221;4.21.0&#8243; _module_preset=&#8221;default&#8221; hover_enabled=&#8221;0&#8243; global_colors_info=&#8221;{}&#8221; prev_background_color=&#8221;#000000&#8243; next_background_color=&#8221;#000000&#8243;][et_pb_fullwidth_header title=&#8221;Realizzato con legno di rimboschimento di altissima qualit\u00e0.&#8221; text_orientation=&#8221;center&#8221; _builder_version=&#8221;4.21.0&#8243; _module_preset=&#8221;default&#8221; custom_padding=&#8221;0px||0px||false|false&#8221; hover_enabled=&#8221;0&#8243; global_colors_info=&#8221;{}&#8221; \/][\/et_pb_section][et_pb_section bb_built=&#8221;1&#8243; _builder_version=&#8221;4.21.0&#8243; _module_preset=&#8221;default&#8221; use_background_color_gradient=&#8221;on&#8221; background_color_gradient_direction=&#8221;1deg&#8221; background_color_gradient_stops=&#8221;#c6c6c6 0%|#ffffff 20%&#8221; background_image=&#8221;https:\/\/ww3.metalifepilates.it\/wp-content\/uploads\/2024\/11\/Linee-Metapilates_02.jpg&#8221; parallax=&#8221;on&#8221; parallax_method=&#8221;off&#8221; min_height=&#8221;480px&#8221; hover_enabled=&#8221;0&#8243; global_colors_info=&#8221;{}&#8221; prev_background_color=&#8221;#ffffff&#8221;][\/et_pb_section]<\/p>\n","protected":false},"excerpt":{"rendered":"<p>W23 Cadillac \u00c8 un&#8217;apparecchiatura che pu\u00f2 essere adattata a qualsiasi utente, dai pazienti in terapia fisica agli atleti. Con esso, puoi eseguire pi\u00f9 di 200 esercizi. Altezza totale: 2,09 m;Altezza seduta: 0,62 m;Larghezza: 0,79 m;Lunghezza: 2,35 m; 1 paio di molle nere;1 paio di molle rosse;1 paio di molle gialle;1 paio di molle bianche;1 paio [&hellip;]<\/p>\n","protected":false},"author":1,"featured_media":0,"parent":0,"menu_order":0,"comment_status":"closed","ping_status":"open","template":"","meta":{"_et_pb_use_builder":"on","_et_pb_old_content":"<!-- wp:paragraph -->\r\n<p>This is an example page. It's different from a blog post because it will stay in one place and will show up in your site navigation (in most themes). Most people start with an About page that introduces them to potential site visitors. It might say something like this:<\/p>\r\n<!-- \/wp:paragraph -->\r\n\r\n<!-- wp:quote -->\r\n<blockquote class=\"wp-block-quote\"><!-- wp:paragraph -->\r\n<p>Hi there! I'm a bike messenger by day, aspiring actor by night, and this is my website. I live in Los Angeles, have a great dog named Jack, and I like pi\u00f1a coladas. (And gettin' caught in the rain.)<\/p>\r\n<!-- \/wp:paragraph --><\/blockquote>\r\n<!-- \/wp:quote -->\r\n\r\n<!-- wp:paragraph -->\r\n<p>...or something like this:<\/p>\r\n<!-- \/wp:paragraph -->\r\n\r\n<!-- wp:quote -->\r\n<blockquote class=\"wp-block-quote\"><!-- wp:paragraph -->\r\n<p>The XYZ Doohickey Company was founded in 1971, and has been providing quality doohickeys to the public ever since. Located in Gotham City, XYZ employs over 2,000 people and does all kinds of awesome things for the Gotham community.<\/p>\r\n<!-- \/wp:paragraph --><\/blockquote>\r\n<!-- \/wp:quote -->\r\n\r\n<!-- wp:paragraph -->\r\n<p>As a new WordPress user, you should go to <a href=\"https:\/\/ww3.metalifepilates.it\/wp-admin\/\">your dashboard<\/a> to delete this page and create new pages for your content. Have fun!<\/p>\r\n<!-- \/wp:paragraph -->","_et_gb_content_width":"","footnotes":""},"class_list":["post-240235","page","type-page","status-publish","hentry"],"_links":{"self":[{"href":"https:\/\/ww3.metalifepilates.it\/index.php\/wp-json\/wp\/v2\/pages\/240235","targetHints":{"allow":["GET"]}}],"collection":[{"href":"https:\/\/ww3.metalifepilates.it\/index.php\/wp-json\/wp\/v2\/pages"}],"about":[{"href":"https:\/\/ww3.metalifepilates.it\/index.php\/wp-json\/wp\/v2\/types\/page"}],"author":[{"embeddable":true,"href":"https:\/\/ww3.metalifepilates.it\/index.php\/wp-json\/wp\/v2\/users\/1"}],"replies":[{"embeddable":true,"href":"https:\/\/ww3.metalifepilates.it\/index.php\/wp-json\/wp\/v2\/comments?post=240235"}],"version-history":[{"count":2,"href":"https:\/\/ww3.metalifepilates.it\/index.php\/wp-json\/wp\/v2\/pages\/240235\/revisions"}],"predecessor-version":[{"id":240237,"href":"https:\/\/ww3.metalifepilates.it\/index.php\/wp-json\/wp\/v2\/pages\/240235\/revisions\/240237"}],"wp:attachment":[{"href":"https:\/\/ww3.metalifepilates.it\/index.php\/wp-json\/wp\/v2\/media?parent=240235"}],"curies":[{"name":"wp","href":"https:\/\/api.w.org\/{rel}","templated":true}]}}