{"id":240238,"date":"2024-11-24T15:25:39","date_gmt":"2024-11-24T15:25:39","guid":{"rendered":"https:\/\/ww3.metalifepilates.it\/?page_id=240238"},"modified":"2024-11-24T15:25:39","modified_gmt":"2024-11-24T15:25:39","slug":"linea-w23-cadillac","status":"publish","type":"page","link":"https:\/\/ww3.metalifepilates.it\/index.php\/linea-w23-cadillac\/","title":{"rendered":"Linea W23 Cadillac"},"content":{"rendered":"<p>[et_pb_section bb_built=&#8221;1&#8243; fullwidth=&#8221;on&#8221; next_background_color=&#8221;#000000&#8243; disabled_on=&#8221;off|off|off&#8221; _builder_version=&#8221;4.21.0&#8243; _module_preset=&#8221;default&#8221; hover_enabled=&#8221;0&#8243; global_colors_info=&#8221;{}&#8221;][et_pb_fullwidth_image src=&#8221;https:\/\/ww3.metalifepilates.it\/wp-content\/uploads\/2024\/11\/banner-w23.jpg&#8221; title_text=&#8221;banner-w23&#8243; _builder_version=&#8221;4.21.0&#8243; _module_preset=&#8221;default&#8221; hover_enabled=&#8221;0&#8243; global_colors_info=&#8221;{}&#8221; \/][\/et_pb_section][et_pb_section bb_built=&#8221;1&#8243; prev_background_color=&#8221;#000000&#8243; next_background_color=&#8221;#009da5&#8243; _builder_version=&#8221;4.21.0&#8243; _module_preset=&#8221;default&#8221; hover_enabled=&#8221;0&#8243; global_colors_info=&#8221;{}&#8221;][et_pb_row _builder_version=&#8221;4.21.0&#8243; _module_preset=&#8221;default&#8221; hover_enabled=&#8221;0&#8243; global_colors_info=&#8221;{}&#8221;][et_pb_column type=&#8221;4_4&#8243; _builder_version=&#8221;4.21.0&#8243; _module_preset=&#8221;default&#8221; hover_enabled=&#8221;0&#8243; global_colors_info=&#8221;{}&#8221;][et_pb_post_title meta=&#8221;off&#8221; _builder_version=&#8221;4.21.0&#8243; _module_preset=&#8221;default&#8221; title_font=&#8221;|||on|||||&#8221; title_text_color=&#8221;#009da5&#8243; hover_enabled=&#8221;0&#8243; global_colors_info=&#8221;{}&#8221; \/][et_pb_text _builder_version=&#8221;4.21.0&#8243; _module_preset=&#8221;default&#8221; hover_enabled=&#8221;0&#8243; global_colors_info=&#8221;{}&#8221;]<\/p>\n<p>Cadillac Pilates Metalife, progettato da professionisti per professionisti del fitness e del Pilates. Questo macchinario combina tecnologia all&#8217;avanguardia, design innovativo e materiali di alta qualit\u00e0, offrendo un&#8217;esperienza di allenamento eccezionale. Ogni dettaglio \u00e8 stato studiato attentamente per fornire comfort, versatilit\u00e0 e funzionalit\u00e0 ottimali. La struttura robusta e stabile offre una base solida per eseguire una vasta gamma di esercizi, consentendo di sfruttare al massimo il potenziale di allenamento.<\/p>\n<p>La sicurezza \u00e8 una priorit\u00e0 fondamentale nella progettazione del macchinario Cadillac Pilates Metalife. I materiali di alta qualit\u00e0 garantiscono la durata e la robustezza del macchinario nel tempo. Inoltre, la facilit\u00e0 di regolazione dei vari optional garantisce una corretta postura e allineamento del corpo, riducendo il rischio di infortuni. La Cadillac Metalife rappresenta un&#8217;investimento eccellente per i professionisti del settore del Pilates.<\/p>\n<p><span>La struttura \u00e8 realizzata in legno riforestato, immunizzato e rivestito su foglio di legno di Tauari e Tauari massello. Il Tauari \u00e8 un tipo di legno duro e resistente. La struttura metallica \u00e8 realizzata in acciaio al carbonio, con finitura in vernice elettrostatica epossidica microtesturizzata nera o in finitura cromata. I bulloni e ganci ad occhiello sono in acciaio inox, che \u00e8 un materiale resistente e resistente alla corrosione. L&#8217;imbottitura \u00e8 in schiuma agglomerata ad alta densit\u00e0, che offre un buon sostegno e comfort. Il rivestimento \u00e8 in Courissimo, un tipo di ecopelle che \u00e8 resistente e facile da pulire. Le molle sono in acciaio al carbonio di classe C, con finitura nichelata. Gli strappi e le maniglie sono in cinghie di poliestere rivestite in neoprene e sistema di chiusura in velcro.<\/span><\/p>\n<p>[\/et_pb_text][\/et_pb_column][\/et_pb_row][et_pb_row column_structure=&#8221;1_2,1_2&#8243; _builder_version=&#8221;4.21.0&#8243; _module_preset=&#8221;default&#8221; hover_enabled=&#8221;0&#8243; global_colors_info=&#8221;{}&#8221;][et_pb_column type=&#8221;1_2&#8243; _builder_version=&#8221;4.21.0&#8243; _module_preset=&#8221;default&#8221; hover_enabled=&#8221;0&#8243; global_colors_info=&#8221;{}&#8221;][et_pb_text _builder_version=&#8221;4.21.0&#8243; _module_preset=&#8221;default&#8221; hover_enabled=&#8221;0&#8243; global_colors_info=&#8221;{}&#8221;]<\/p>\n<div class=\"et_pb_module et_pb_text et_pb_text_9 et_pb_text_align_left et_pb_bg_layout_light\">\n<div class=\"et_pb_text_inner\">\n<p>La pi\u00f9 bella CADILLAC sul mercato, con telaio in acciaio e rivestimento in legno.<br \/>L\u2019apertura tra i carrelli scorrevoli posizionati in ogni colonna dell\u2019attrezzo permette di eseguire nuovi esercizi, lavorando con diverse catene muscolari.<br \/>I carrelli di scorrimento posizionati sui montanti, sulla barra di avvolgimento, consentono di regolare il tensionamento delle molle in funzione dell\u2019altezza alla quale \u00e8 posizionata la traversa di scorrimento.<\/p>\n<\/div>\n<\/div>\n<p>[\/et_pb_text][et_pb_text _builder_version=&#8221;4.21.0&#8243; _module_preset=&#8221;default&#8221; hover_enabled=&#8221;0&#8243; global_colors_info=&#8221;{}&#8221;]<\/p>\n<h5 class=\"et_pb_toggle_title\">MISURE<\/h5>\n<p>Altezza totale: 2,11 m;<br \/>Altezza seduta: 0,62 m;<br \/>Larghezza: 0,77 m;<br \/>Lunghezza: 2,70 m;<\/p>\n<p>[\/et_pb_text][et_pb_text _builder_version=&#8221;4.21.0&#8243; _module_preset=&#8221;default&#8221; hover_enabled=&#8221;0&#8243; global_colors_info=&#8221;{}&#8221;]<\/p>\n<h5 class=\"et_pb_toggle_title\">COMPONENTI<\/h5>\n<p>1 Coppia di molle nere (ligth)<br \/>1 Coppia di molle viola (very strong)<br \/>1 Coppia di molle gialle (very ligth)<br \/>1 Coppia di molle bianche (medium)<br \/>2 coppie di molle blu (strong)<br \/>1 paio di maniglie fuzzy<br \/>1 Maniglia di supporto<br \/>1 maniglia di sicurezza<br \/>1 paio di cinghie per i piedi<br \/>1 paio di cinghie per maniglie<br \/>1 fascia addominale<br \/>1 barra di scorrimento<br \/>1 coperchio a molla<\/p>\n<p>OPTIONAL:<br \/>Baule Cadillac<br \/>Stoccaggio per accessori<\/p>\n<p>[\/et_pb_text][et_pb_text _builder_version=&#8221;4.21.0&#8243; _module_preset=&#8221;default&#8221; hover_enabled=&#8221;0&#8243; global_colors_info=&#8221;{}&#8221;]<\/p>\n<p>COMPOSIZIONE<br \/>Struttura multistrato anatomica, legno riforestato, immunizzato e rivestito su foglio di legno di Tauari e Tauari massello. Struttura in acciaio al carbonio, finitura in vernice elettrostatica epossidica microtesturizzata nera e in finitura cromata. Bulloni e ganci ad occhiello in acciaio inox. Imbottitura in schiuma agglomerata ad alta densit\u00e0 (AG150). Rivestimento in Courissimo (ecopelle). Molle in acciaio al carbonio di classe C, finitura nichelata. Strappi e maniglie in cinghie di poliestere rivestite in neoprene e sistema di chiusura in velcro.<\/p>\n<p>[\/et_pb_text][\/et_pb_column][et_pb_column type=&#8221;1_2&#8243; _builder_version=&#8221;4.21.0&#8243; _module_preset=&#8221;default&#8221; hover_enabled=&#8221;0&#8243; global_colors_info=&#8221;{}&#8221;][et_pb_gallery gallery_ids=&#8221;240172,240173,240174&#8243; fullwidth=&#8221;on&#8221; posts_number=&#8221;4&#8243; _builder_version=&#8221;4.21.0&#8243; _module_preset=&#8221;default&#8221; hover_enabled=&#8221;0&#8243; global_colors_info=&#8221;{}&#8221; \/][\/et_pb_column][\/et_pb_row][\/et_pb_section][et_pb_section bb_built=&#8221;1&#8243; prev_background_color=&#8221;#ffffff&#8221; _builder_version=&#8221;4.21.0&#8243; _module_preset=&#8221;default&#8221; background_color=&#8221;#009da5&#8243; hover_enabled=&#8221;0&#8243; saved_tabs=&#8221;all&#8221; global_colors_info=&#8221;{}&#8221;][et_pb_row column_structure=&#8221;1_6,1_6,1_6,1_6,1_6,1_6&#8243; _builder_version=&#8221;4.21.0&#8243; _module_preset=&#8221;default&#8221; hover_enabled=&#8221;0&#8243; global_parent=&#8221;239975&#8243; global_colors_info=&#8221;{}&#8221;][et_pb_column type=&#8221;1_6&#8243; _builder_version=&#8221;4.21.0&#8243; _module_preset=&#8221;default&#8221; hover_enabled=&#8221;0&#8243; global_parent=&#8221;239975&#8243; global_colors_info=&#8221;{}&#8221;][et_pb_icon font_icon=&#8221;&#xf232;||fa||400&#8243; icon_color=&#8221;#FFFFFF&#8221; url=&#8221;https:\/\/wa.me\/393478202879&#8243; _builder_version=&#8221;4.21.0&#8243; _module_preset=&#8221;default&#8221; hover_enabled=&#8221;0&#8243; global_parent=&#8221;239975&#8243; global_colors_info=&#8221;{}&#8221; icon_color__hover_enabled=&#8221;on|hover&#8221; icon_color__hover=&#8221;#EDF000&#8243; \/][\/et_pb_column][et_pb_column type=&#8221;1_6&#8243; _builder_version=&#8221;4.21.0&#8243; _module_preset=&#8221;default&#8221; hover_enabled=&#8221;0&#8243; global_parent=&#8221;239975&#8243; global_colors_info=&#8221;{}&#8221;][\/et_pb_column][et_pb_column type=&#8221;1_6&#8243; _builder_version=&#8221;4.21.0&#8243; _module_preset=&#8221;default&#8221; hover_enabled=&#8221;0&#8243; global_parent=&#8221;239975&#8243; global_colors_info=&#8221;{}&#8221;][et_pb_icon font_icon=&#8221;&#xf095;||fa||900&#8243; icon_color=&#8221;#FFFFFF&#8221; url=&#8221;tel:393939118420&#8243; _builder_version=&#8221;4.21.0&#8243; _module_preset=&#8221;default&#8221; hover_enabled=&#8221;0&#8243; global_parent=&#8221;239975&#8243; global_colors_info=&#8221;{}&#8221; icon_color__hover_enabled=&#8221;on|hover&#8221; icon_color__hover=&#8221;#EDF000&#8243; \/][\/et_pb_column][et_pb_column type=&#8221;1_6&#8243; _builder_version=&#8221;4.21.0&#8243; _module_preset=&#8221;default&#8221; hover_enabled=&#8221;0&#8243; global_parent=&#8221;239975&#8243; global_colors_info=&#8221;{}&#8221;][et_pb_gallery gallery_ids=&#8221;48,49,50&#8243; posts_number=&#8221;1&#8243; show_title_and_caption=&#8221;off&#8221; _builder_version=&#8221;4.21.0&#8243; _module_preset=&#8221;default&#8221; hover_enabled=&#8221;0&#8243; global_parent=&#8221;239975&#8243; global_colors_info=&#8221;{}&#8221; \/][\/et_pb_column][et_pb_column type=&#8221;1_6&#8243; _builder_version=&#8221;4.21.0&#8243; _module_preset=&#8221;default&#8221; hover_enabled=&#8221;0&#8243; global_parent=&#8221;239975&#8243; global_colors_info=&#8221;{}&#8221;][\/et_pb_column][et_pb_column type=&#8221;1_6&#8243; _builder_version=&#8221;4.21.0&#8243; _module_preset=&#8221;default&#8221; hover_enabled=&#8221;0&#8243; global_parent=&#8221;239975&#8243; global_colors_info=&#8221;{}&#8221;][et_pb_icon font_icon=&#8221;&#xe010;||divi||400&#8243; icon_color=&#8221;#FFFFFF&#8221; url=&#8221;mailto:info@metalifepilates.it&#8221; _builder_version=&#8221;4.21.0&#8243; _module_preset=&#8221;default&#8221; hover_enabled=&#8221;0&#8243; global_parent=&#8221;239975&#8243; global_colors_info=&#8221;{}&#8221; icon_color__hover_enabled=&#8221;on|hover&#8221; icon_color__hover=&#8221;#EDF000&#8243; \/][\/et_pb_column][\/et_pb_row][\/et_pb_section]<\/p>\n","protected":false},"excerpt":{"rendered":"<p>Cadillac Pilates Metalife, progettato da professionisti per professionisti del fitness e del Pilates. Questo macchinario combina tecnologia all&#8217;avanguardia, design innovativo e materiali di alta qualit\u00e0, offrendo un&#8217;esperienza di allenamento eccezionale. Ogni dettaglio \u00e8 stato studiato attentamente per fornire comfort, versatilit\u00e0 e funzionalit\u00e0 ottimali. La struttura robusta e stabile offre una base solida per eseguire una [&hellip;]<\/p>\n","protected":false},"author":1,"featured_media":0,"parent":0,"menu_order":0,"comment_status":"closed","ping_status":"open","template":"","meta":{"_et_pb_use_builder":"on","_et_pb_old_content":"<!-- wp:paragraph -->\r\n<p>This is an example page. It's different from a blog post because it will stay in one place and will show up in your site navigation (in most themes). Most people start with an About page that introduces them to potential site visitors. It might say something like this:<\/p>\r\n<!-- \/wp:paragraph -->\r\n\r\n<!-- wp:quote -->\r\n<blockquote class=\"wp-block-quote\"><!-- wp:paragraph -->\r\n<p>Hi there! I'm a bike messenger by day, aspiring actor by night, and this is my website. I live in Los Angeles, have a great dog named Jack, and I like pi\u00f1a coladas. (And gettin' caught in the rain.)<\/p>\r\n<!-- \/wp:paragraph --><\/blockquote>\r\n<!-- \/wp:quote -->\r\n\r\n<!-- wp:paragraph -->\r\n<p>...or something like this:<\/p>\r\n<!-- \/wp:paragraph -->\r\n\r\n<!-- wp:quote -->\r\n<blockquote class=\"wp-block-quote\"><!-- wp:paragraph -->\r\n<p>The XYZ Doohickey Company was founded in 1971, and has been providing quality doohickeys to the public ever since. Located in Gotham City, XYZ employs over 2,000 people and does all kinds of awesome things for the Gotham community.<\/p>\r\n<!-- \/wp:paragraph --><\/blockquote>\r\n<!-- \/wp:quote -->\r\n\r\n<!-- wp:paragraph -->\r\n<p>As a new WordPress user, you should go to <a href=\"https:\/\/ww3.metalifepilates.it\/wp-admin\/\">your dashboard<\/a> to delete this page and create new pages for your content. Have fun!<\/p>\r\n<!-- \/wp:paragraph -->","_et_gb_content_width":"","footnotes":""},"class_list":["post-240238","page","type-page","status-publish","hentry"],"_links":{"self":[{"href":"https:\/\/ww3.metalifepilates.it\/index.php\/wp-json\/wp\/v2\/pages\/240238","targetHints":{"allow":["GET"]}}],"collection":[{"href":"https:\/\/ww3.metalifepilates.it\/index.php\/wp-json\/wp\/v2\/pages"}],"about":[{"href":"https:\/\/ww3.metalifepilates.it\/index.php\/wp-json\/wp\/v2\/types\/page"}],"author":[{"embeddable":true,"href":"https:\/\/ww3.metalifepilates.it\/index.php\/wp-json\/wp\/v2\/users\/1"}],"replies":[{"embeddable":true,"href":"https:\/\/ww3.metalifepilates.it\/index.php\/wp-json\/wp\/v2\/comments?post=240238"}],"version-history":[{"count":1,"href":"https:\/\/ww3.metalifepilates.it\/index.php\/wp-json\/wp\/v2\/pages\/240238\/revisions"}],"predecessor-version":[{"id":240239,"href":"https:\/\/ww3.metalifepilates.it\/index.php\/wp-json\/wp\/v2\/pages\/240238\/revisions\/240239"}],"wp:attachment":[{"href":"https:\/\/ww3.metalifepilates.it\/index.php\/wp-json\/wp\/v2\/media?parent=240238"}],"curies":[{"name":"wp","href":"https:\/\/api.w.org\/{rel}","templated":true}]}}