{"id":240240,"date":"2024-11-24T15:26:25","date_gmt":"2024-11-24T15:26:25","guid":{"rendered":"https:\/\/ww3.metalifepilates.it\/?page_id=240240"},"modified":"2024-11-24T15:26:25","modified_gmt":"2024-11-24T15:26:25","slug":"linea-w23-ladder-barrel","status":"publish","type":"page","link":"https:\/\/ww3.metalifepilates.it\/index.php\/linea-w23-ladder-barrel\/","title":{"rendered":"Linea W23 Ladder Barrel"},"content":{"rendered":"<p>[et_pb_section bb_built=&#8221;1&#8243; fullwidth=&#8221;on&#8221; next_background_color=&#8221;#000000&#8243; disabled_on=&#8221;off|off|off&#8221; _builder_version=&#8221;4.21.0&#8243; _module_preset=&#8221;default&#8221; hover_enabled=&#8221;0&#8243; global_colors_info=&#8221;{}&#8221;][et_pb_fullwidth_image src=&#8221;https:\/\/ww3.metalifepilates.it\/wp-content\/uploads\/2024\/11\/banner-w23.jpg&#8221; title_text=&#8221;banner-w23&#8243; _builder_version=&#8221;4.21.0&#8243; _module_preset=&#8221;default&#8221; hover_enabled=&#8221;0&#8243; global_colors_info=&#8221;{}&#8221; \/][\/et_pb_section][et_pb_section bb_built=&#8221;1&#8243; prev_background_color=&#8221;#000000&#8243; next_background_color=&#8221;#009da5&#8243; _builder_version=&#8221;4.21.0&#8243; _module_preset=&#8221;default&#8221; hover_enabled=&#8221;0&#8243; global_colors_info=&#8221;{}&#8221;][et_pb_row _builder_version=&#8221;4.21.0&#8243; _module_preset=&#8221;default&#8221; hover_enabled=&#8221;0&#8243; global_colors_info=&#8221;{}&#8221;][et_pb_column type=&#8221;4_4&#8243; _builder_version=&#8221;4.21.0&#8243; _module_preset=&#8221;default&#8221; hover_enabled=&#8221;0&#8243; global_colors_info=&#8221;{}&#8221;][et_pb_post_title meta=&#8221;off&#8221; _builder_version=&#8221;4.21.0&#8243; _module_preset=&#8221;default&#8221; title_font=&#8221;|||on|||||&#8221; title_text_color=&#8221;#009da5&#8243; hover_enabled=&#8221;0&#8243; global_colors_info=&#8221;{}&#8221; \/][et_pb_text _builder_version=&#8221;4.21.0&#8243; _module_preset=&#8221;default&#8221; hover_enabled=&#8221;0&#8243; global_colors_info=&#8221;{}&#8221;]<\/p>\n<p>Il Ladder Barrel \u00e8 un macchinario Pilates versatile e innovativo che offre numerosi benefici per i praticanti di Pilates di ogni livello. Questo strumento unico combina un piano curvo con una scala, creando un dispositivo multifunzionale che consente di eseguire una variet\u00e0 di esercizi che migliorano la forza, la flessibilit\u00e0 e l\u2019allineamento del corpo.<span>\u00a0<\/span><span>Il piano curvo offre un punto di riferimento per eseguire esercizi che coinvolgono la colonna vertebrale, migliorando la mobilit\u00e0 e l\u2019allineamento.<\/span><\/p>\n<p><span>Il telaio e la base sono realizzati in legno di Lyptus, un tipo di legno duro e resistente. L&#8217;imbottitura \u00e8 in schiuma agglomerata ad alta densit\u00e0, che offre un buon sostegno e comfort. Il rivestimento \u00e8 in courissimo, un tipo di ecopelle che \u00e8 resistente e facile da pulire. La struttura metallica \u00e8 realizzata in acciaio al carbonio e acciaio inossidabile, che sono materiali resistenti e duraturi. Le molle sono in acciaio al carbonio nichelato di classe C, che sono resistenti e offrono una buona reattivit\u00e0. Gli strappi e le maniglie sono in cinghie di poliestere rivestite in neoprene e sistema di chiusura in velcro.<\/span><\/p>\n<p>[\/et_pb_text][\/et_pb_column][\/et_pb_row][et_pb_row column_structure=&#8221;1_2,1_2&#8243; _builder_version=&#8221;4.21.0&#8243; _module_preset=&#8221;default&#8221; hover_enabled=&#8221;0&#8243; global_colors_info=&#8221;{}&#8221;][et_pb_column type=&#8221;1_2&#8243; _builder_version=&#8221;4.21.0&#8243; _module_preset=&#8221;default&#8221; hover_enabled=&#8221;0&#8243; global_colors_info=&#8221;{}&#8221;][et_pb_text _builder_version=&#8221;4.21.0&#8243; _module_preset=&#8221;default&#8221; hover_enabled=&#8221;0&#8243; global_colors_info=&#8221;{}&#8221;]<\/p>\n<p>La pi\u00f9 bella LADDER BARREL sul mercato, con struttura in acciaio e rivestimento in legno. Dai al tuo studio molto pi\u00f9 design.<br \/>Con il nuovo design, l\u2019attrezzatura \u00e8 diventata pi\u00f9 stabile. L\u2019utente pu\u00f2 davvero sentire questa stabilit\u00e0 nell\u2019interazione con il prodotto.<\/p>\n<p>[\/et_pb_text][et_pb_text _builder_version=&#8221;4.21.0&#8243; _module_preset=&#8221;default&#8221; hover_enabled=&#8221;0&#8243; global_colors_info=&#8221;{}&#8221;]<\/p>\n<h5 class=\"et_pb_toggle_title\">MISURE<\/h5>\n<p><span>Altezza: 0,98 m;<\/span><br \/><span>Larghezza: 0,70 mt;<\/span><br \/><span>Larghezza barra superiore: 0,87 m;<\/span><br \/><span>Lunghezza: 1,40 mt.<\/span><\/p>\n<p>[\/et_pb_text][et_pb_text _builder_version=&#8221;4.21.0&#8243; _module_preset=&#8221;default&#8221; hover_enabled=&#8221;0&#8243; global_colors_info=&#8221;{}&#8221;]<\/p>\n<h5 class=\"et_pb_toggle_title\">COMPONENTI<\/h5>\n<p>1 Coppia di molle nere (ligth)<br \/>1 Coppia di molle viola (very strong)<br \/>1 Coppia di molle gialle (very ligth)<br \/>1 Coppia di molle bianche (medium)<br \/>2 coppie di molle blu (strong)<br \/>1 paio di maniglie fuzzy<br \/>1 Maniglia di supporto<br \/>1 maniglia di sicurezza<br \/>1 paio di cinghie per i piedi<br \/>1 paio di cinghie per maniglie<br \/>1 fascia addominale<br \/>1 barra di scorrimento<br \/>1 coperchio a molla<\/p>\n<p>OPZIONI:<\/p>\n<p>Baule Cadillac<br \/>Stoccaggio per accessori<\/p>\n<p>[\/et_pb_text][et_pb_text _builder_version=&#8221;4.21.0&#8243; _module_preset=&#8221;default&#8221; hover_enabled=&#8221;0&#8243; global_colors_info=&#8221;{}&#8221;]<\/p>\n<p>COMPOSIZIONE<\/p>\n<p>Telaio\/base in legno di Lyptus classe FAS (standard NHLA); Imbottitura in schiuma agglomerata ad alta densit\u00e0 (AG150); Rivestimento in courissimo (ecopelle) con 50% poliestere e 50% cotone; Struttura metallica in acciaio al carbonio e acciaio inossidabile; Molle in acciaio al carbonio nichelato di classe C; Strappi e maniglie in cinghie di poliestere rivestite in neoprene e sistema di chiusura in velcro.<\/p>\n<p>[\/et_pb_text][\/et_pb_column][et_pb_column type=&#8221;1_2&#8243; _builder_version=&#8221;4.21.0&#8243; _module_preset=&#8221;default&#8221; hover_enabled=&#8221;0&#8243; global_colors_info=&#8221;{}&#8221;][et_pb_gallery gallery_ids=&#8221;240175,240176,240177,240178&#8243; fullwidth=&#8221;on&#8221; posts_number=&#8221;4&#8243; _builder_version=&#8221;4.21.0&#8243; _module_preset=&#8221;default&#8221; hover_enabled=&#8221;0&#8243; global_colors_info=&#8221;{}&#8221; \/][\/et_pb_column][\/et_pb_row][\/et_pb_section][et_pb_section bb_built=&#8221;1&#8243; prev_background_color=&#8221;#ffffff&#8221; _builder_version=&#8221;4.21.0&#8243; _module_preset=&#8221;default&#8221; background_color=&#8221;#009da5&#8243; hover_enabled=&#8221;0&#8243; saved_tabs=&#8221;all&#8221; global_colors_info=&#8221;{}&#8221;][et_pb_row column_structure=&#8221;1_6,1_6,1_6,1_6,1_6,1_6&#8243; _builder_version=&#8221;4.21.0&#8243; _module_preset=&#8221;default&#8221; hover_enabled=&#8221;0&#8243; global_parent=&#8221;239975&#8243; global_colors_info=&#8221;{}&#8221;][et_pb_column type=&#8221;1_6&#8243; _builder_version=&#8221;4.21.0&#8243; _module_preset=&#8221;default&#8221; hover_enabled=&#8221;0&#8243; global_parent=&#8221;239975&#8243; global_colors_info=&#8221;{}&#8221;][et_pb_icon font_icon=&#8221;&#xf232;||fa||400&#8243; icon_color=&#8221;#FFFFFF&#8221; url=&#8221;https:\/\/wa.me\/393478202879&#8243; _builder_version=&#8221;4.21.0&#8243; _module_preset=&#8221;default&#8221; hover_enabled=&#8221;0&#8243; global_parent=&#8221;239975&#8243; global_colors_info=&#8221;{}&#8221; icon_color__hover_enabled=&#8221;on|hover&#8221; icon_color__hover=&#8221;#EDF000&#8243; \/][\/et_pb_column][et_pb_column type=&#8221;1_6&#8243; _builder_version=&#8221;4.21.0&#8243; _module_preset=&#8221;default&#8221; hover_enabled=&#8221;0&#8243; global_parent=&#8221;239975&#8243; global_colors_info=&#8221;{}&#8221;][\/et_pb_column][et_pb_column type=&#8221;1_6&#8243; _builder_version=&#8221;4.21.0&#8243; _module_preset=&#8221;default&#8221; hover_enabled=&#8221;0&#8243; global_parent=&#8221;239975&#8243; global_colors_info=&#8221;{}&#8221;][et_pb_icon font_icon=&#8221;&#xf095;||fa||900&#8243; icon_color=&#8221;#FFFFFF&#8221; url=&#8221;tel:393939118420&#8243; _builder_version=&#8221;4.21.0&#8243; _module_preset=&#8221;default&#8221; hover_enabled=&#8221;0&#8243; global_parent=&#8221;239975&#8243; global_colors_info=&#8221;{}&#8221; icon_color__hover_enabled=&#8221;on|hover&#8221; icon_color__hover=&#8221;#EDF000&#8243; \/][\/et_pb_column][et_pb_column type=&#8221;1_6&#8243; _builder_version=&#8221;4.21.0&#8243; _module_preset=&#8221;default&#8221; hover_enabled=&#8221;0&#8243; global_parent=&#8221;239975&#8243; global_colors_info=&#8221;{}&#8221;][et_pb_gallery gallery_ids=&#8221;48,49,50&#8243; posts_number=&#8221;1&#8243; show_title_and_caption=&#8221;off&#8221; _builder_version=&#8221;4.21.0&#8243; _module_preset=&#8221;default&#8221; hover_enabled=&#8221;0&#8243; global_parent=&#8221;239975&#8243; global_colors_info=&#8221;{}&#8221; \/][\/et_pb_column][et_pb_column type=&#8221;1_6&#8243; _builder_version=&#8221;4.21.0&#8243; _module_preset=&#8221;default&#8221; hover_enabled=&#8221;0&#8243; global_parent=&#8221;239975&#8243; global_colors_info=&#8221;{}&#8221;][\/et_pb_column][et_pb_column type=&#8221;1_6&#8243; _builder_version=&#8221;4.21.0&#8243; _module_preset=&#8221;default&#8221; hover_enabled=&#8221;0&#8243; global_parent=&#8221;239975&#8243; global_colors_info=&#8221;{}&#8221;][et_pb_icon font_icon=&#8221;&#xe010;||divi||400&#8243; icon_color=&#8221;#FFFFFF&#8221; url=&#8221;mailto:info@metalifepilates.it&#8221; _builder_version=&#8221;4.21.0&#8243; _module_preset=&#8221;default&#8221; hover_enabled=&#8221;0&#8243; global_parent=&#8221;239975&#8243; global_colors_info=&#8221;{}&#8221; icon_color__hover_enabled=&#8221;on|hover&#8221; icon_color__hover=&#8221;#EDF000&#8243; \/][\/et_pb_column][\/et_pb_row][\/et_pb_section]<\/p>\n","protected":false},"excerpt":{"rendered":"<p>Il Ladder Barrel \u00e8 un macchinario Pilates versatile e innovativo che offre numerosi benefici per i praticanti di Pilates di ogni livello. Questo strumento unico combina un piano curvo con una scala, creando un dispositivo multifunzionale che consente di eseguire una variet\u00e0 di esercizi che migliorano la forza, la flessibilit\u00e0 e l\u2019allineamento del corpo.\u00a0Il piano [&hellip;]<\/p>\n","protected":false},"author":1,"featured_media":0,"parent":0,"menu_order":0,"comment_status":"closed","ping_status":"open","template":"","meta":{"_et_pb_use_builder":"on","_et_pb_old_content":"<!-- wp:paragraph -->\r\n<p>This is an example page. It's different from a blog post because it will stay in one place and will show up in your site navigation (in most themes). Most people start with an About page that introduces them to potential site visitors. It might say something like this:<\/p>\r\n<!-- \/wp:paragraph -->\r\n\r\n<!-- wp:quote -->\r\n<blockquote class=\"wp-block-quote\"><!-- wp:paragraph -->\r\n<p>Hi there! I'm a bike messenger by day, aspiring actor by night, and this is my website. I live in Los Angeles, have a great dog named Jack, and I like pi\u00f1a coladas. (And gettin' caught in the rain.)<\/p>\r\n<!-- \/wp:paragraph --><\/blockquote>\r\n<!-- \/wp:quote -->\r\n\r\n<!-- wp:paragraph -->\r\n<p>...or something like this:<\/p>\r\n<!-- \/wp:paragraph -->\r\n\r\n<!-- wp:quote -->\r\n<blockquote class=\"wp-block-quote\"><!-- wp:paragraph -->\r\n<p>The XYZ Doohickey Company was founded in 1971, and has been providing quality doohickeys to the public ever since. Located in Gotham City, XYZ employs over 2,000 people and does all kinds of awesome things for the Gotham community.<\/p>\r\n<!-- \/wp:paragraph --><\/blockquote>\r\n<!-- \/wp:quote -->\r\n\r\n<!-- wp:paragraph -->\r\n<p>As a new WordPress user, you should go to <a href=\"https:\/\/ww3.metalifepilates.it\/wp-admin\/\">your dashboard<\/a> to delete this page and create new pages for your content. Have fun!<\/p>\r\n<!-- \/wp:paragraph -->","_et_gb_content_width":"","footnotes":""},"class_list":["post-240240","page","type-page","status-publish","hentry"],"_links":{"self":[{"href":"https:\/\/ww3.metalifepilates.it\/index.php\/wp-json\/wp\/v2\/pages\/240240","targetHints":{"allow":["GET"]}}],"collection":[{"href":"https:\/\/ww3.metalifepilates.it\/index.php\/wp-json\/wp\/v2\/pages"}],"about":[{"href":"https:\/\/ww3.metalifepilates.it\/index.php\/wp-json\/wp\/v2\/types\/page"}],"author":[{"embeddable":true,"href":"https:\/\/ww3.metalifepilates.it\/index.php\/wp-json\/wp\/v2\/users\/1"}],"replies":[{"embeddable":true,"href":"https:\/\/ww3.metalifepilates.it\/index.php\/wp-json\/wp\/v2\/comments?post=240240"}],"version-history":[{"count":1,"href":"https:\/\/ww3.metalifepilates.it\/index.php\/wp-json\/wp\/v2\/pages\/240240\/revisions"}],"predecessor-version":[{"id":240241,"href":"https:\/\/ww3.metalifepilates.it\/index.php\/wp-json\/wp\/v2\/pages\/240240\/revisions\/240241"}],"wp:attachment":[{"href":"https:\/\/ww3.metalifepilates.it\/index.php\/wp-json\/wp\/v2\/media?parent=240240"}],"curies":[{"name":"wp","href":"https:\/\/api.w.org\/{rel}","templated":true}]}}