{"id":240255,"date":"2024-11-24T15:32:29","date_gmt":"2024-11-24T15:32:29","guid":{"rendered":"https:\/\/ww3.metalifepilates.it\/?page_id=240255"},"modified":"2024-11-24T15:32:29","modified_gmt":"2024-11-24T15:32:29","slug":"company","status":"publish","type":"page","link":"https:\/\/ww3.metalifepilates.it\/index.php\/company\/","title":{"rendered":"Company"},"content":{"rendered":"<p>[et_pb_section bb_built=&#8221;1&#8243; fullwidth=&#8221;on&#8221; _builder_version=&#8221;4.21.0&#8243; _module_preset=&#8221;default&#8221; hover_enabled=&#8221;0&#8243; global_colors_info=&#8221;{}&#8221; next_background_color=&#8221;#000000&#8243;][et_pb_fullwidth_image src=&#8221;https:\/\/ww3.metalifepilates.it\/wp-content\/uploads\/2024\/11\/banner_metalife3.jpg&#8221; title_text=&#8221;banner_metalife3&#8243; _builder_version=&#8221;4.21.0&#8243; _module_preset=&#8221;default&#8221; hover_enabled=&#8221;0&#8243; global_colors_info=&#8221;{}&#8221; \/][\/et_pb_section][et_pb_section bb_built=&#8221;1&#8243; _builder_version=&#8221;4.21.0&#8243; _module_preset=&#8221;default&#8221; hover_enabled=&#8221;0&#8243; global_colors_info=&#8221;{}&#8221; prev_background_color=&#8221;#000000&#8243; next_background_color=&#8221;#000000&#8243;][et_pb_row column_structure=&#8221;2_5,3_5&#8243; _builder_version=&#8221;4.21.0&#8243; _module_preset=&#8221;default&#8221; custom_padding=&#8221;0px|||||&#8221; hover_enabled=&#8221;0&#8243; global_colors_info=&#8221;{}&#8221;][et_pb_column type=&#8221;2_5&#8243; _builder_version=&#8221;4.21.0&#8243; _module_preset=&#8221;default&#8221; hover_enabled=&#8221;0&#8243; global_colors_info=&#8221;{}&#8221;][et_pb_image src=&#8221;https:\/\/ww3.metalifepilates.it\/wp-content\/uploads\/2024\/11\/o_pilates_2.webp&#8221; title_text=&#8221;o_pilates_2&#8243; _builder_version=&#8221;4.21.0&#8243; _module_preset=&#8221;default&#8221; hover_enabled=&#8221;0&#8243; global_colors_info=&#8221;{}&#8221; \/][\/et_pb_column][et_pb_column type=&#8221;3_5&#8243; _builder_version=&#8221;4.21.0&#8243; _module_preset=&#8221;default&#8221; hover_enabled=&#8221;0&#8243; global_colors_info=&#8221;{}&#8221;][et_pb_text _builder_version=&#8221;4.21.0&#8243; _module_preset=&#8221;default&#8221; text_font=&#8221;Open Sans||||||||&#8221; text_text_color=&#8221;gcid-842b9420-362d-43b1-93ed-4f4f5c3d2983&#8243; header_font=&#8221;Open Sans||||||||&#8221; hover_enabled=&#8221;0&#8243; header_text_shadow_style=&#8221;preset1&#8243; global_colors_info=&#8221;{%22gcid-842b9420-362d-43b1-93ed-4f4f5c3d2983%22:%91%22text_text_color%22%93}&#8221;]<\/p>\n<h2 style=\"text-align: center;\"><span style=\"color: #009da5;\">Ciao, siamo\u00a0\u00a0MetaLife Pilates<\/span><\/h2>\n<p style=\"text-align: justify;\"><span>Noi siamo i distributori esclusivi ufficiali di MetaLife che \u00e8 uno dei produttori di attrezzature Pilates pi\u00f9 conosciuti al mondo. <br \/>Noi siamo sempre alla ricerca di innovazione ed eccellenza nella produzione di attrezzature Pilates, nonch\u00e9 nel nostro rapporto con i clienti. <br \/>Il nostro \u201ccore\u201d \u00e8 dedicato a standard internazionali di qualit\u00e0, versatilit\u00e0 e sicurezza. <br \/>Ecco perch\u00e9 siamo il marchio pi\u00f9 consigliato dai professionisti di Pilates.<\/span><\/p>\n<p>[\/et_pb_text][\/et_pb_column][\/et_pb_row][et_pb_row _builder_version=&#8221;4.21.0&#8243; _module_preset=&#8221;default&#8221; hover_enabled=&#8221;0&#8243; global_colors_info=&#8221;{}&#8221;][et_pb_column type=&#8221;4_4&#8243; _builder_version=&#8221;4.21.0&#8243; _module_preset=&#8221;default&#8221; hover_enabled=&#8221;0&#8243; global_colors_info=&#8221;{}&#8221;][et_pb_text _builder_version=&#8221;4.21.0&#8243; _module_preset=&#8221;default&#8221; custom_padding=&#8221;||2px|||&#8221; hover_enabled=&#8221;0&#8243; global_colors_info=&#8221;{}&#8221;]<\/p>\n<h2 style=\"text-align: center;\"><span style=\"color: #009da5;\">Il nostro differenziale \u00e8 la qualit\u00e0.\u00a0Qualit\u00e0 in tutto ci\u00f2 che facciamo!<\/span><span><b><br \/><\/b><\/span><\/h2>\n<p style=\"text-align: center;\">Questa qualit\u00e0 inizia nella cultura aziendale: continuare a migliorare.<br \/>La proiezione dell\u2019attrezzatura non si ferma mai.<br \/>Vengono sempre migliorati, sia nel design, nel comfort o nella sicurezza.<br \/>E non esiste attrezzatura MetaLife sul mercato che non sia stata sottoposta a rigorosi test di laboratorio.<br \/>Il processo di produzione e assemblaggio delle attrezzature MetaLife si avvale del pi\u00f9 moderno parco di lavorazione del Paese, con 3 centri di lavoro CNC (Computer Numeric Control).<br \/>La nostra attrezzatura dispone di coordinate elettroniche di assoluta precisione, lavoro manuale di attenta selezione del legno di riforestazione, selezione dei fornitori e dei materiali, verifica della qualit\u00e0.<br \/>Ecco perch\u00e9 siamo il marchio di attrezzature Pilates pi\u00f9 consigliato<\/p>\n<p>&nbsp;<\/p>\n<p>[\/et_pb_text][\/et_pb_column][\/et_pb_row][et_pb_row column_structure=&#8221;1_3,1_3,1_3&#8243; _builder_version=&#8221;4.21.0&#8243; _module_preset=&#8221;default&#8221; hover_enabled=&#8221;0&#8243; global_colors_info=&#8221;{}&#8221;][et_pb_column type=&#8221;1_3&#8243; _builder_version=&#8221;4.21.0&#8243; _module_preset=&#8221;default&#8221; hover_enabled=&#8221;0&#8243; global_colors_info=&#8221;{}&#8221;][et_pb_image src=&#8221;https:\/\/ww3.metalifepilates.it\/wp-content\/uploads\/2024\/11\/metapilates-foto-3.jpg&#8221; title_text=&#8221;metapilates-foto-3&#8243; _builder_version=&#8221;4.21.0&#8243; _module_preset=&#8221;default&#8221; hover_enabled=&#8221;0&#8243; global_colors_info=&#8221;{}&#8221; \/][\/et_pb_column][et_pb_column type=&#8221;1_3&#8243; _builder_version=&#8221;4.21.0&#8243; _module_preset=&#8221;default&#8221; hover_enabled=&#8221;0&#8243; global_colors_info=&#8221;{}&#8221;][et_pb_image src=&#8221;https:\/\/ww3.metalifepilates.it\/wp-content\/uploads\/2024\/11\/unnamed-1.png&#8221; title_text=&#8221;unnamed (1)&#8221; _builder_version=&#8221;4.21.0&#8243; _module_preset=&#8221;default&#8221; hover_enabled=&#8221;0&#8243; global_colors_info=&#8221;{}&#8221; \/][\/et_pb_column][et_pb_column type=&#8221;1_3&#8243; _builder_version=&#8221;4.21.0&#8243; _module_preset=&#8221;default&#8221; hover_enabled=&#8221;0&#8243; global_colors_info=&#8221;{}&#8221;][et_pb_image src=&#8221;https:\/\/ww3.metalifepilates.it\/wp-content\/uploads\/2024\/11\/metapilates-foto-2.jpg&#8221; title_text=&#8221;metapilates-foto-2&#8243; _builder_version=&#8221;4.21.0&#8243; _module_preset=&#8221;default&#8221; hover_enabled=&#8221;0&#8243; global_colors_info=&#8221;{}&#8221; \/][\/et_pb_column][\/et_pb_row][\/et_pb_section][et_pb_section bb_built=&#8221;1&#8243; fullwidth=&#8221;on&#8221; _builder_version=&#8221;4.21.0&#8243; _module_preset=&#8221;default&#8221; hover_enabled=&#8221;0&#8243; global_colors_info=&#8221;{}&#8221; prev_background_color=&#8221;#000000&#8243; next_background_color=&#8221;#000000&#8243;][et_pb_fullwidth_image src=&#8221;https:\/\/ww3.metalifepilates.it\/wp-content\/uploads\/2024\/11\/banner_metalife3.jpg&#8221; title_text=&#8221;banner_metalife3&#8243; _builder_version=&#8221;4.21.0&#8243; _module_preset=&#8221;default&#8221; hover_enabled=&#8221;0&#8243; global_colors_info=&#8221;{}&#8221; \/][\/et_pb_section][et_pb_section bb_built=&#8221;1&#8243; _builder_version=&#8221;4.21.0&#8243; _module_preset=&#8221;default&#8221; custom_padding=&#8221;||0px|||&#8221; hover_enabled=&#8221;0&#8243; global_colors_info=&#8221;{}&#8221; prev_background_color=&#8221;#000000&#8243; next_background_color=&#8221;#009da5&#8243;][et_pb_row column_structure=&#8221;1_2,1_2&#8243; _builder_version=&#8221;4.21.0&#8243; _module_preset=&#8221;default&#8221; custom_padding=&#8221;0px|||||&#8221; hover_enabled=&#8221;0&#8243; global_colors_info=&#8221;{}&#8221;][et_pb_column type=&#8221;1_2&#8243; _builder_version=&#8221;4.21.0&#8243; _module_preset=&#8221;default&#8221; hover_enabled=&#8221;0&#8243; global_colors_info=&#8221;{}&#8221;][et_pb_text _builder_version=&#8221;4.21.0&#8243; _module_preset=&#8221;default&#8221; custom_padding=&#8221;||2px|||&#8221; hover_enabled=&#8221;0&#8243; global_colors_info=&#8221;{}&#8221;]<\/p>\n<section class=\"section\" id=\"section_2011021837\">\n<div class=\"section-content relative\">\n<div class=\"row row-full-width align-center\" id=\"row-842963982\">\n<div id=\"col-1437803383\" class=\"col medium-10 small-12 large-7\">\n<div class=\"col-inner text-center\">\n<h2 style=\"text-align: center;\"><span style=\"color: #009da5;\">Perch\u00e9 il Pilates con\u00a0\u00a0le attrezzature MetaLife \u00e8 diverso?<\/span><\/h2>\n<h3 style=\"text-align: center;\"><span style=\"color: #009da5;\">1- Ottima biomeccanica<\/span><\/h3>\n<p style=\"text-align: center;\">Le distanze tra i supporti, le possibilit\u00e0 di regolazione e di estensione delle molle, le possibilit\u00e0 di posizionamento di cinghie e barre sono millimetriche (e migliorate negli anni).\u00a0Quindi, gli esercizi sono i pi\u00f9 precisi e fluidi possibilI, sia per un bambino alto 1,2 m che per un adulto alto pi\u00f9 di 2,0 m.<\/p>\n<h3 style=\"text-align: center;\"><span style=\"color: #009da5;\">2- Qualit\u00e0 Molle<\/span><\/h3>\n<p style=\"text-align: center;\">Le molle MetaLife non si rompono!\u00a0Ci\u00f2 fornisce una gamma pi\u00f9 ampia di movimento e sicurezza.<\/p>\n<h3 style=\"text-align: center;\"><span style=\"color: #009da5;\">3- Qualit\u00e0 della tappezzeria<\/span><\/h3>\n<p style=\"text-align: center;\">I nostri rivestimenti sono realizzati con materiali di altissima qualit\u00e0 che non si deforma e non affonda.\u00a0Presenta inoltre un\u2019eccellente durata e la rigidit\u00e0 migliore per una buona prestazione.<br \/><span style=\"color: #009da5;\">Il mercato utilizza EVA, MetaLife utilizza AG.<\/span><\/p>\n<\/div>\n<\/div>\n<\/div>\n<\/div>\n<\/section>\n<section class=\"section\" id=\"section_277384404\"><\/section>\n<p>[\/et_pb_text][\/et_pb_column][et_pb_column type=&#8221;1_2&#8243; _builder_version=&#8221;4.21.0&#8243; _module_preset=&#8221;default&#8221; hover_enabled=&#8221;0&#8243; global_colors_info=&#8221;{}&#8221;][et_pb_image src=&#8221;https:\/\/ww3.metalifepilates.it\/wp-content\/uploads\/2024\/11\/equipamentos-5.webp&#8221; title_text=&#8221;equipamentos-5&#8243; _builder_version=&#8221;4.21.0&#8243; _module_preset=&#8221;default&#8221; hover_enabled=&#8221;0&#8243; global_colors_info=&#8221;{}&#8221; \/][\/et_pb_column][\/et_pb_row][\/et_pb_section][et_pb_section bb_built=&#8221;1&#8243; _builder_version=&#8221;4.21.0&#8243; _module_preset=&#8221;default&#8221; background_color=&#8221;#009da5&#8243; hover_enabled=&#8221;0&#8243; global_colors_info=&#8221;{}&#8221; prev_background_color=&#8221;#ffffff&#8221;][et_pb_row _builder_version=&#8221;4.21.0&#8243; _module_preset=&#8221;default&#8221; hover_enabled=&#8221;0&#8243; global_colors_info=&#8221;{}&#8221;][et_pb_column type=&#8221;4_4&#8243; _builder_version=&#8221;4.21.0&#8243; _module_preset=&#8221;default&#8221; hover_enabled=&#8221;0&#8243; global_colors_info=&#8221;{}&#8221;][et_pb_text _builder_version=&#8221;4.21.0&#8243; _module_preset=&#8221;default&#8221; text_font=&#8221;Open Sans||||||||&#8221; text_text_color=&#8221;#FFFFFF&#8221; header_font=&#8221;Open Sans||||||||&#8221; header_text_color=&#8221;#FFFFFF&#8221; background_layout=&#8221;dark&#8221; hover_enabled=&#8221;0&#8243; global_colors_info=&#8221;{}&#8221;]<\/p>\n<h2 style=\"text-align: center;\">Qualcosa in pi\u00f9 su di noi<\/h2>\n<div class=\"row row-full-width align-center\" id=\"row-1455003899\" style=\"text-align: center;\">\n<div id=\"col-1307338370\" class=\"col medium-10 small-12 large-8\">\n<div class=\"col-inner text-center\">\n<p><span>Scopri perch\u00e9 siamo diventati l&#8217;azienda di Pilates in pi\u00f9 rapida crescita in Brasile in soli cinque anni.<\/span><\/p>\n<\/div>\n<\/div>\n<\/div>\n<p>[\/et_pb_text][\/et_pb_column][\/et_pb_row][et_pb_row column_structure=&#8221;1_3,1_3,1_3&#8243; _builder_version=&#8221;4.21.0&#8243; _module_preset=&#8221;default&#8221; hover_enabled=&#8221;0&#8243; global_colors_info=&#8221;{}&#8221;][et_pb_column type=&#8221;1_3&#8243; _builder_version=&#8221;4.21.0&#8243; _module_preset=&#8221;default&#8221; hover_enabled=&#8221;0&#8243; global_colors_info=&#8221;{}&#8221;][et_pb_icon font_icon=&#8221;&#xe037;||divi||400&#8243; icon_color=&#8221;#FFFFFF&#8221; icon_width=&#8221;38px&#8221; _builder_version=&#8221;4.21.0&#8243; _module_preset=&#8221;default&#8221; hover_enabled=&#8221;0&#8243; global_colors_info=&#8221;{}&#8221; \/][et_pb_text _builder_version=&#8221;4.21.0&#8243; _module_preset=&#8221;default&#8221; text_font=&#8221;Open Sans||||||||&#8221; background_layout=&#8221;dark&#8221; hover_enabled=&#8221;0&#8243; global_colors_info=&#8221;{}&#8221;]<\/p>\n<h4 style=\"text-align: center;\"><strong>COSA FACCIAMO<\/strong><\/h4>\n<div id=\"col-1034281838\" class=\"col medium-4 small-12 large-4\">\n<div class=\"col-inner\">\n<div class=\"icon-box featured-box icon-box-center text-center is-small\">\n<div class=\"icon-box-text last-reset\">\n<p style=\"text-align: justify;\"><span>Promuoviamo il benessere e favoriamo la socializzazione attraverso l&#8217;attivit\u00e0 fisica, contribuendo allo sviluppo del mercato Pilates.<\/span><\/p>\n<\/div>\n<\/div>\n<\/div>\n<\/div>\n<div id=\"col-1912772374\" class=\"col medium-4 small-12 large-4\">\n<div class=\"col-inner\">\n<div class=\"icon-box featured-box icon-box-center text-center is-small\">\n<div class=\"icon-box-img\">\n<div class=\"icon\">\n<div class=\"icon-inner\" style=\"text-align: center;\"><\/div>\n<\/div>\n<\/div>\n<div class=\"icon-box-text last-reset\"><\/div>\n<\/div>\n<\/div>\n<\/div>\n<p>[\/et_pb_text][\/et_pb_column][et_pb_column type=&#8221;1_3&#8243; _builder_version=&#8221;4.21.0&#8243; _module_preset=&#8221;default&#8221; hover_enabled=&#8221;0&#8243; global_colors_info=&#8221;{}&#8221;][et_pb_icon font_icon=&#8221;&#xf256;||fa||400&#8243; icon_color=&#8221;#FFFFFF&#8221; icon_width=&#8221;38px&#8221; _builder_version=&#8221;4.21.0&#8243; _module_preset=&#8221;default&#8221; hover_enabled=&#8221;0&#8243; global_colors_info=&#8221;{}&#8221; \/][et_pb_text _builder_version=&#8221;4.21.0&#8243; _module_preset=&#8221;default&#8221; text_font=&#8221;Open Sans||||||||&#8221; background_layout=&#8221;dark&#8221; hover_enabled=&#8221;0&#8243; global_colors_info=&#8221;{}&#8221;]<\/p>\n<h4 style=\"text-align: center;\"><strong>LA NOSTRA MISSIONE<\/strong><\/h4>\n<div id=\"col-1034281838\" class=\"col medium-4 small-12 large-4\">\n<div class=\"col-inner\">\n<div class=\"icon-box featured-box icon-box-center text-center is-small\">\n<div class=\"icon-box-text last-reset\">\n<div id=\"col-1912772374\" class=\"col medium-4 small-12 large-4\">\n<div class=\"col-inner\">\n<div class=\"icon-box featured-box icon-box-center text-center is-small\">\n<div class=\"icon-box-text last-reset\">\n<p style=\"text-align: justify;\"><span>Promuoviamo il benessere delle persone con le migliori attrezzature Pilates e per l&#8217;allenamento funzionale alla ricerca di innovazione ed eccellenza nella produzione e nel rapporto con il cliente.<\/span><\/p>\n<\/div>\n<\/div>\n<\/div>\n<\/div>\n<div id=\"col-1474224948\" class=\"col medium-4 small-12 large-4\">\n<div class=\"col-inner\">\n<div class=\"icon-box featured-box icon-box-center text-center is-small\">\n<div class=\"icon-box-img\">\n<div class=\"icon\">\n<div class=\"icon-inner\"><\/div>\n<\/div>\n<\/div>\n<div class=\"icon-box-text last-reset\"><\/div>\n<\/div>\n<\/div>\n<\/div>\n<\/div>\n<\/div>\n<\/div>\n<\/div>\n<div id=\"col-1912772374\" class=\"col medium-4 small-12 large-4\">\n<div class=\"col-inner\">\n<div class=\"icon-box featured-box icon-box-center text-center is-small\">\n<div class=\"icon-box-img\">\n<div class=\"icon\">\n<div class=\"icon-inner\" style=\"text-align: center;\"><\/div>\n<\/div>\n<\/div>\n<div class=\"icon-box-text last-reset\"><\/div>\n<\/div>\n<\/div>\n<\/div>\n<p>[\/et_pb_text][\/et_pb_column][et_pb_column type=&#8221;1_3&#8243; _builder_version=&#8221;4.21.0&#8243; _module_preset=&#8221;default&#8221; hover_enabled=&#8221;0&#8243; global_colors_info=&#8221;{}&#8221;][et_pb_icon font_icon=&#8221;&#xe0a0;||divi||400&#8243; icon_color=&#8221;#FFFFFF&#8221; icon_width=&#8221;38px&#8221; _builder_version=&#8221;4.21.0&#8243; _module_preset=&#8221;default&#8221; hover_enabled=&#8221;0&#8243; global_colors_info=&#8221;{}&#8221; \/][et_pb_text _builder_version=&#8221;4.21.0&#8243; _module_preset=&#8221;default&#8221; text_font=&#8221;Open Sans||||||||&#8221; background_layout=&#8221;dark&#8221; hover_enabled=&#8221;0&#8243; global_colors_info=&#8221;{}&#8221;]<\/p>\n<h4 style=\"text-align: center;\"><strong>LA NOSTRA VISIONE<\/strong><\/h4>\n<div id=\"col-1034281838\" class=\"col medium-4 small-12 large-4\">\n<div class=\"col-inner\">\n<div class=\"icon-box featured-box icon-box-center text-center is-small\">\n<div class=\"icon-box-text last-reset\">\n<section class=\"section\" id=\"section_277384404\">\n<div class=\"section-content relative\">\n<div class=\"row align-center\" id=\"row-701937181\">\n<div id=\"col-1474224948\" class=\"col medium-4 small-12 large-4\">\n<div class=\"col-inner\">\n<div class=\"icon-box featured-box icon-box-center text-center is-small\">\n<div class=\"icon-box-text last-reset\">\n<p style=\"text-align: justify;\">Essere riconosciuti in Europa come i distributori esclusivi del pi\u00f9 grande e completo produttore di attrezzature per Pilates e per l\u2019allenamento funzionale, promuovendo il benessere con l\u2019eccellenza nella qualit\u00e0 del prodotto e nel rapporto con il cliente.<\/p>\n<\/div>\n<\/div>\n<\/div>\n<\/div>\n<\/div>\n<\/div>\n<\/section>\n<section class=\"section\" id=\"section_58287978\"><\/section>\n<\/div>\n<\/div>\n<\/div>\n<\/div>\n<div id=\"col-1912772374\" class=\"col medium-4 small-12 large-4\">\n<div class=\"col-inner\">\n<div class=\"icon-box featured-box icon-box-center text-center is-small\">\n<div class=\"icon-box-img\">\n<div class=\"icon\">\n<div class=\"icon-inner\" style=\"text-align: center;\"><\/div>\n<\/div>\n<\/div>\n<div class=\"icon-box-text last-reset\"><\/div>\n<\/div>\n<\/div>\n<\/div>\n<p>[\/et_pb_text][\/et_pb_column][\/et_pb_row][\/et_pb_section]<\/p>\n","protected":false},"excerpt":{"rendered":"<p>Ciao, siamo\u00a0\u00a0MetaLife Pilates Noi siamo i distributori esclusivi ufficiali di MetaLife che \u00e8 uno dei produttori di attrezzature Pilates pi\u00f9 conosciuti al mondo. Noi siamo sempre alla ricerca di innovazione ed eccellenza nella produzione di attrezzature Pilates, nonch\u00e9 nel nostro rapporto con i clienti. Il nostro \u201ccore\u201d \u00e8 dedicato a standard internazionali di qualit\u00e0, versatilit\u00e0 [&hellip;]<\/p>\n","protected":false},"author":1,"featured_media":0,"parent":0,"menu_order":0,"comment_status":"closed","ping_status":"open","template":"","meta":{"_et_pb_use_builder":"on","_et_pb_old_content":"<!-- wp:paragraph -->\r\n<p>This is an example page. It's different from a blog post because it will stay in one place and will show up in your site navigation (in most themes). Most people start with an About page that introduces them to potential site visitors. It might say something like this:<\/p>\r\n<!-- \/wp:paragraph -->\r\n\r\n<!-- wp:quote -->\r\n<blockquote class=\"wp-block-quote\"><!-- wp:paragraph -->\r\n<p>Hi there! I'm a bike messenger by day, aspiring actor by night, and this is my website. I live in Los Angeles, have a great dog named Jack, and I like pi\u00f1a coladas. (And gettin' caught in the rain.)<\/p>\r\n<!-- \/wp:paragraph --><\/blockquote>\r\n<!-- \/wp:quote -->\r\n\r\n<!-- wp:paragraph -->\r\n<p>...or something like this:<\/p>\r\n<!-- \/wp:paragraph -->\r\n\r\n<!-- wp:quote -->\r\n<blockquote class=\"wp-block-quote\"><!-- wp:paragraph -->\r\n<p>The XYZ Doohickey Company was founded in 1971, and has been providing quality doohickeys to the public ever since. Located in Gotham City, XYZ employs over 2,000 people and does all kinds of awesome things for the Gotham community.<\/p>\r\n<!-- \/wp:paragraph --><\/blockquote>\r\n<!-- \/wp:quote -->\r\n\r\n<!-- wp:paragraph -->\r\n<p>As a new WordPress user, you should go to <a href=\"https:\/\/ww3.metalifepilates.it\/wp-admin\/\">your dashboard<\/a> to delete this page and create new pages for your content. Have fun!<\/p>\r\n<!-- \/wp:paragraph -->","_et_gb_content_width":"","footnotes":""},"class_list":["post-240255","page","type-page","status-publish","hentry"],"_links":{"self":[{"href":"https:\/\/ww3.metalifepilates.it\/index.php\/wp-json\/wp\/v2\/pages\/240255","targetHints":{"allow":["GET"]}}],"collection":[{"href":"https:\/\/ww3.metalifepilates.it\/index.php\/wp-json\/wp\/v2\/pages"}],"about":[{"href":"https:\/\/ww3.metalifepilates.it\/index.php\/wp-json\/wp\/v2\/types\/page"}],"author":[{"embeddable":true,"href":"https:\/\/ww3.metalifepilates.it\/index.php\/wp-json\/wp\/v2\/users\/1"}],"replies":[{"embeddable":true,"href":"https:\/\/ww3.metalifepilates.it\/index.php\/wp-json\/wp\/v2\/comments?post=240255"}],"version-history":[{"count":2,"href":"https:\/\/ww3.metalifepilates.it\/index.php\/wp-json\/wp\/v2\/pages\/240255\/revisions"}],"predecessor-version":[{"id":240257,"href":"https:\/\/ww3.metalifepilates.it\/index.php\/wp-json\/wp\/v2\/pages\/240255\/revisions\/240257"}],"wp:attachment":[{"href":"https:\/\/ww3.metalifepilates.it\/index.php\/wp-json\/wp\/v2\/media?parent=240255"}],"curies":[{"name":"wp","href":"https:\/\/api.w.org\/{rel}","templated":true}]}}